{"id":14521,"date":"2025-01-17T09:52:56","date_gmt":"2025-01-17T09:52:56","guid":{"rendered":"https:\/\/promochaudiere.be\/produit\/honeywell-vanne-de-zone-2-voies-4-4-230v-3points-vc4613ap1000u\/"},"modified":"2026-02-03T18:15:23","modified_gmt":"2026-02-03T17:15:23","slug":"honeywell-vanne-de-zone-2-voies-4-4-230v-3points-vc4613ap1000u","status":"publish","type":"product","link":"https:\/\/promochaudiere.be\/nl\/product\/honeywell-vanne-de-zone-2-voies-4-4-230v-3points-vc4613ap1000u\/","title":{"rendered":"Honeywell Vanne de zone 2 VOIES 4\/4&Prime; 230V 3POINTS VC4613AP1000U"},"content":{"rendered":"<p>Cette vanne Honeywell assure une r\u00e9gulation efficace du flux d\u2019eau dans les circuits de chauffage. Son moteur 230V garantit un fonctionnement fluide et silencieux. Facile \u00e0 int\u00e9grer, elle am\u00e9liore la gestion thermique des installations.<\/p>","protected":false},"excerpt":{"rendered":"<p>Honeywell Vanne de zone 2 VOIES 4\/4&Prime; 230V 3POINTS VC4613AP1000U<\/p>","protected":false},"featured_media":22586,"comment_status":"open","ping_status":"closed","template":"","meta":[],"product_brand":[],"product_cat":[8840,5519],"product_tag":[],"class_list":{"0":"post-14521","1":"product","2":"type-product","3":"status-publish","4":"has-post-thumbnail","6":"product_cat-test","7":"product_cat-vanne","8":"pa_marque-honeywell","10":"first","11":"instock","12":"sale","13":"taxable","14":"shipping-taxable","15":"purchasable","16":"product-type-simple"},"aioseo_notices":[],"_links":{"self":[{"href":"https:\/\/promochaudiere.be\/nl\/wp-json\/wp\/v2\/product\/14521","targetHints":{"allow":["GET"]}}],"collection":[{"href":"https:\/\/promochaudiere.be\/nl\/wp-json\/wp\/v2\/product"}],"about":[{"href":"https:\/\/promochaudiere.be\/nl\/wp-json\/wp\/v2\/types\/product"}],"replies":[{"embeddable":true,"href":"https:\/\/promochaudiere.be\/nl\/wp-json\/wp\/v2\/comments?post=14521"}],"version-history":[{"count":1,"href":"https:\/\/promochaudiere.be\/nl\/wp-json\/wp\/v2\/product\/14521\/revisions"}],"predecessor-version":[{"id":45551,"href":"https:\/\/promochaudiere.be\/nl\/wp-json\/wp\/v2\/product\/14521\/revisions\/45551"}],"wp:featuredmedia":[{"embeddable":true,"href":"https:\/\/promochaudiere.be\/nl\/wp-json\/wp\/v2\/media\/22586"}],"wp:attachment":[{"href":"https:\/\/promochaudiere.be\/nl\/wp-json\/wp\/v2\/media?parent=14521"}],"wp:term":[{"taxonomy":"product_brand","embeddable":true,"href":"https:\/\/promochaudiere.be\/nl\/wp-json\/wp\/v2\/product_brand?post=14521"},{"taxonomy":"product_cat","embeddable":true,"href":"https:\/\/promochaudiere.be\/nl\/wp-json\/wp\/v2\/product_cat?post=14521"},{"taxonomy":"product_tag","embeddable":true,"href":"https:\/\/promochaudiere.be\/nl\/wp-json\/wp\/v2\/product_tag?post=14521"}],"curies":[{"name":"wp","href":"https:\/\/api.w.org\/{rel}","templated":true}]}}