{"id":14524,"date":"2025-01-17T09:52:57","date_gmt":"2025-01-17T09:52:57","guid":{"rendered":"https:\/\/promochaudiere.be\/produit\/wilo-piece-de-rattrapage-pompe-a-brides-f11-dn65-30mm-110624298\/"},"modified":"2026-02-03T18:15:26","modified_gmt":"2026-02-03T17:15:26","slug":"wilo-piece-de-rattrapage-pompe-a-brides-f11-dn65-30mm-110624298","status":"publish","type":"product","link":"https:\/\/promochaudiere.be\/nl\/product\/wilo-piece-de-rattrapage-pompe-a-brides-f11-dn65-30mm-110624298\/","title":{"rendered":"WILO PIECE DE RATTRAPAGE POMPE A BRIDES F11 DN65 30MM 110624298"},"content":{"rendered":"<p>Cette pi\u00e8ce de rattrapage Wilo est con\u00e7ue pour ajuster les installations de pompes \u00e0 brides DN50. Elle assure une connexion \u00e9tanche et fiable. Fabriqu\u00e9e en mat\u00e9riau robuste, elle garantit une durabilit\u00e9 optimale. Facile \u00e0 poser, elle facilite la maintenance et am\u00e9liore la stabilit\u00e9 des raccordements.<\/p>","protected":false},"excerpt":{"rendered":"<p>WILO PIECE DE RATTRAPAGE POMPE A BRIDES F11 DN65 30MM 110624298<\/p>","protected":false},"featured_media":22507,"comment_status":"open","ping_status":"closed","template":"","meta":[],"product_brand":[],"product_cat":[660,8840],"product_tag":[],"class_list":{"0":"post-14524","1":"product","2":"type-product","3":"status-publish","4":"has-post-thumbnail","6":"product_cat-circulateur","7":"product_cat-test","8":"pa_marque-wilo","10":"first","11":"instock","12":"sale","13":"taxable","14":"shipping-taxable","15":"purchasable","16":"product-type-simple"},"aioseo_notices":[],"_links":{"self":[{"href":"https:\/\/promochaudiere.be\/nl\/wp-json\/wp\/v2\/product\/14524","targetHints":{"allow":["GET"]}}],"collection":[{"href":"https:\/\/promochaudiere.be\/nl\/wp-json\/wp\/v2\/product"}],"about":[{"href":"https:\/\/promochaudiere.be\/nl\/wp-json\/wp\/v2\/types\/product"}],"replies":[{"embeddable":true,"href":"https:\/\/promochaudiere.be\/nl\/wp-json\/wp\/v2\/comments?post=14524"}],"version-history":[{"count":1,"href":"https:\/\/promochaudiere.be\/nl\/wp-json\/wp\/v2\/product\/14524\/revisions"}],"predecessor-version":[{"id":53003,"href":"https:\/\/promochaudiere.be\/nl\/wp-json\/wp\/v2\/product\/14524\/revisions\/53003"}],"wp:featuredmedia":[{"embeddable":true,"href":"https:\/\/promochaudiere.be\/nl\/wp-json\/wp\/v2\/media\/22507"}],"wp:attachment":[{"href":"https:\/\/promochaudiere.be\/nl\/wp-json\/wp\/v2\/media?parent=14524"}],"wp:term":[{"taxonomy":"product_brand","embeddable":true,"href":"https:\/\/promochaudiere.be\/nl\/wp-json\/wp\/v2\/product_brand?post=14524"},{"taxonomy":"product_cat","embeddable":true,"href":"https:\/\/promochaudiere.be\/nl\/wp-json\/wp\/v2\/product_cat?post=14524"},{"taxonomy":"product_tag","embeddable":true,"href":"https:\/\/promochaudiere.be\/nl\/wp-json\/wp\/v2\/product_tag?post=14524"}],"curies":[{"name":"wp","href":"https:\/\/api.w.org\/{rel}","templated":true}]}}