{"id":14525,"date":"2025-01-17T09:52:57","date_gmt":"2025-01-17T09:52:57","guid":{"rendered":"https:\/\/promochaudiere.be\/produit\/herrmann-prechauffeur-fuel-f-phb-le-030n6123\/"},"modified":"2026-02-03T18:15:28","modified_gmt":"2026-02-03T17:15:28","slug":"herrmann-prechauffeur-fuel-f-phb-le-030n6123","status":"publish","type":"product","link":"https:\/\/promochaudiere.be\/nl\/product\/herrmann-prechauffeur-fuel-f-phb-le-030n6123\/","title":{"rendered":"HERRMANN PRECHAUFFEUR FUEL F PHB LE 030N6123"},"content":{"rendered":"<p>Ce pr\u00e9chauffeur de fuel Herrmann F PHB LE est con\u00e7u pour optimiser la combustion du fioul en maintenant une temp\u00e9rature id\u00e9ale. Il am\u00e9liore l\u2019efficacit\u00e9 \u00e9nerg\u00e9tique et r\u00e9duit la formation de d\u00e9p\u00f4ts dans les br\u00fbleurs. Son installation facile permet une adaptation \u00e0 divers syst\u00e8mes de chauffage. Con\u00e7u en mat\u00e9riaux r\u00e9sistants, il garantit une longue dur\u00e9e de vie. Un accessoire essentiel pour une meilleure performance du chauffage au fioul.<\/p>","protected":false},"excerpt":{"rendered":"<p>HERRMANN PRECHAUFFEUR FUEL F PHB LE 030N6123<\/p>","protected":false},"featured_media":21809,"comment_status":"open","ping_status":"closed","template":"","meta":[],"product_brand":[],"product_cat":[5515,8840],"product_tag":[],"class_list":{"0":"post-14525","1":"product","2":"type-product","3":"status-publish","4":"has-post-thumbnail","6":"product_cat-accessoires-fioul","7":"product_cat-test","8":"pa_marque-herrmann","10":"first","11":"instock","12":"sale","13":"taxable","14":"shipping-taxable","15":"purchasable","16":"product-type-simple"},"aioseo_notices":[],"_links":{"self":[{"href":"https:\/\/promochaudiere.be\/nl\/wp-json\/wp\/v2\/product\/14525","targetHints":{"allow":["GET"]}}],"collection":[{"href":"https:\/\/promochaudiere.be\/nl\/wp-json\/wp\/v2\/product"}],"about":[{"href":"https:\/\/promochaudiere.be\/nl\/wp-json\/wp\/v2\/types\/product"}],"replies":[{"embeddable":true,"href":"https:\/\/promochaudiere.be\/nl\/wp-json\/wp\/v2\/comments?post=14525"}],"version-history":[{"count":1,"href":"https:\/\/promochaudiere.be\/nl\/wp-json\/wp\/v2\/product\/14525\/revisions"}],"predecessor-version":[{"id":45549,"href":"https:\/\/promochaudiere.be\/nl\/wp-json\/wp\/v2\/product\/14525\/revisions\/45549"}],"wp:featuredmedia":[{"embeddable":true,"href":"https:\/\/promochaudiere.be\/nl\/wp-json\/wp\/v2\/media\/21809"}],"wp:attachment":[{"href":"https:\/\/promochaudiere.be\/nl\/wp-json\/wp\/v2\/media?parent=14525"}],"wp:term":[{"taxonomy":"product_brand","embeddable":true,"href":"https:\/\/promochaudiere.be\/nl\/wp-json\/wp\/v2\/product_brand?post=14525"},{"taxonomy":"product_cat","embeddable":true,"href":"https:\/\/promochaudiere.be\/nl\/wp-json\/wp\/v2\/product_cat?post=14525"},{"taxonomy":"product_tag","embeddable":true,"href":"https:\/\/promochaudiere.be\/nl\/wp-json\/wp\/v2\/product_tag?post=14525"}],"curies":[{"name":"wp","href":"https:\/\/api.w.org\/{rel}","templated":true}]}}