{"id":14530,"date":"2025-01-17T09:52:59","date_gmt":"2025-01-17T09:52:59","guid":{"rendered":"https:\/\/promochaudiere.be\/produit\/duco-caisson-de-distribution-conduits-flexible-plafond-12x63-ducoflex-d180-00004564\/"},"modified":"2026-02-03T18:15:25","modified_gmt":"2026-02-03T17:15:25","slug":"duco-caisson-de-distribution-conduits-flexible-plafond-12x63-ducoflex-d180-00004564","status":"publish","type":"product","link":"https:\/\/promochaudiere.be\/nl\/product\/duco-caisson-de-distribution-conduits-flexible-plafond-12x63-ducoflex-d180-00004564\/","title":{"rendered":"Duco CAISSON DE DISTRIBUTION CONDUITS FLEXIBLE PLAFOND 12X63 DUCOFLEX D180 00004564"},"content":{"rendered":"<p>Ce caisson de distribution Duco est con\u00e7u pour g\u00e9rer efficacement la r\u00e9partition de l\u2019air dans les syst\u00e8mes de ventilation. Avec une capacit\u00e9 de 7 sorties de 90mm de diam\u00e8tre, il assure une distribution homog\u00e8ne et optimis\u00e9e. Fabriqu\u00e9 en mat\u00e9riaux r\u00e9sistants, il garantit une \u00e9tanch\u00e9it\u00e9 parfaite et une longue dur\u00e9e de vie. Son installation est simple, offrant une compatibilit\u00e9 id\u00e9ale avec les conduits flexibles Duco. Il am\u00e9liore la circulation de l\u2019air et contribue \u00e0 un environnement int\u00e9rieur plus sain. Un choix optimal pour les installations de ventilation modernes.<\/p>","protected":false},"excerpt":{"rendered":"<p>Duco CAISSON DE DISTRIBUTION CONDUITS FLEXIBLE PLAFOND 12X63 DUCOFLEX D180 00004564<\/p>","protected":false},"featured_media":22057,"comment_status":"open","ping_status":"closed","template":"","meta":[],"product_brand":[],"product_cat":[10933,8840],"product_tag":[],"class_list":{"0":"post-14530","1":"product","2":"type-product","3":"status-publish","4":"has-post-thumbnail","6":"product_cat-canal-duco","7":"product_cat-test","8":"pa_marque-duco","10":"first","11":"instock","12":"sale","13":"taxable","14":"shipping-taxable","15":"purchasable","16":"product-type-simple"},"aioseo_notices":[],"_links":{"self":[{"href":"https:\/\/promochaudiere.be\/nl\/wp-json\/wp\/v2\/product\/14530","targetHints":{"allow":["GET"]}}],"collection":[{"href":"https:\/\/promochaudiere.be\/nl\/wp-json\/wp\/v2\/product"}],"about":[{"href":"https:\/\/promochaudiere.be\/nl\/wp-json\/wp\/v2\/types\/product"}],"replies":[{"embeddable":true,"href":"https:\/\/promochaudiere.be\/nl\/wp-json\/wp\/v2\/comments?post=14530"}],"version-history":[{"count":1,"href":"https:\/\/promochaudiere.be\/nl\/wp-json\/wp\/v2\/product\/14530\/revisions"}],"predecessor-version":[{"id":45545,"href":"https:\/\/promochaudiere.be\/nl\/wp-json\/wp\/v2\/product\/14530\/revisions\/45545"}],"wp:featuredmedia":[{"embeddable":true,"href":"https:\/\/promochaudiere.be\/nl\/wp-json\/wp\/v2\/media\/22057"}],"wp:attachment":[{"href":"https:\/\/promochaudiere.be\/nl\/wp-json\/wp\/v2\/media?parent=14530"}],"wp:term":[{"taxonomy":"product_brand","embeddable":true,"href":"https:\/\/promochaudiere.be\/nl\/wp-json\/wp\/v2\/product_brand?post=14530"},{"taxonomy":"product_cat","embeddable":true,"href":"https:\/\/promochaudiere.be\/nl\/wp-json\/wp\/v2\/product_cat?post=14530"},{"taxonomy":"product_tag","embeddable":true,"href":"https:\/\/promochaudiere.be\/nl\/wp-json\/wp\/v2\/product_tag?post=14530"}],"curies":[{"name":"wp","href":"https:\/\/api.w.org\/{rel}","templated":true}]}}