{"id":14534,"date":"2025-01-17T09:53:01","date_gmt":"2025-01-17T09:53:01","guid":{"rendered":"https:\/\/promochaudiere.be\/produit\/passage-de-toit-isolee-easyair-180-200mm-noir-400480634\/"},"modified":"2026-02-03T18:15:26","modified_gmt":"2026-02-03T17:15:26","slug":"passage-de-toit-isolee-easyair-180-200mm-noir-400480634","status":"publish","type":"product","link":"https:\/\/promochaudiere.be\/nl\/product\/passage-de-toit-isolee-easyair-180-200mm-noir-400480634\/","title":{"rendered":"PASSAGE DE TOIT ISOLEE EASYAIR 180-200MM NOIR 400480634"},"content":{"rendered":"<p>Ce passage de toit Easyaire est con\u00e7u pour assurer une sortie de ventilation parfaitement \u00e9tanche. Son isolation avanc\u00e9e limite les pertes thermiques. Compatible avec les conduits de 180 \u00e0 200mm, il garantit une installation flexible. Id\u00e9al pour une ventilation ma\u00eetris\u00e9e et performante.<\/p>","protected":false},"excerpt":{"rendered":"<p>PASSAGE DE TOIT ISOLEE EASYAIR 180-200MM NOIR 400480634<\/p>","protected":false},"featured_media":22604,"comment_status":"open","ping_status":"closed","template":"","meta":[],"product_brand":[],"product_cat":[5545,8840],"product_tag":[],"class_list":{"0":"post-14534","1":"product","2":"type-product","3":"status-publish","4":"has-post-thumbnail","6":"product_cat-passage-de-toit","7":"product_cat-test","9":"first","10":"instock","11":"sale","12":"taxable","13":"shipping-taxable","14":"purchasable","15":"product-type-simple"},"aioseo_notices":[],"_links":{"self":[{"href":"https:\/\/promochaudiere.be\/nl\/wp-json\/wp\/v2\/product\/14534","targetHints":{"allow":["GET"]}}],"collection":[{"href":"https:\/\/promochaudiere.be\/nl\/wp-json\/wp\/v2\/product"}],"about":[{"href":"https:\/\/promochaudiere.be\/nl\/wp-json\/wp\/v2\/types\/product"}],"replies":[{"embeddable":true,"href":"https:\/\/promochaudiere.be\/nl\/wp-json\/wp\/v2\/comments?post=14534"}],"version-history":[{"count":1,"href":"https:\/\/promochaudiere.be\/nl\/wp-json\/wp\/v2\/product\/14534\/revisions"}],"predecessor-version":[{"id":53002,"href":"https:\/\/promochaudiere.be\/nl\/wp-json\/wp\/v2\/product\/14534\/revisions\/53002"}],"wp:featuredmedia":[{"embeddable":true,"href":"https:\/\/promochaudiere.be\/nl\/wp-json\/wp\/v2\/media\/22604"}],"wp:attachment":[{"href":"https:\/\/promochaudiere.be\/nl\/wp-json\/wp\/v2\/media?parent=14534"}],"wp:term":[{"taxonomy":"product_brand","embeddable":true,"href":"https:\/\/promochaudiere.be\/nl\/wp-json\/wp\/v2\/product_brand?post=14534"},{"taxonomy":"product_cat","embeddable":true,"href":"https:\/\/promochaudiere.be\/nl\/wp-json\/wp\/v2\/product_cat?post=14534"},{"taxonomy":"product_tag","embeddable":true,"href":"https:\/\/promochaudiere.be\/nl\/wp-json\/wp\/v2\/product_tag?post=14534"}],"curies":[{"name":"wp","href":"https:\/\/api.w.org\/{rel}","templated":true}]}}