{"id":14537,"date":"2025-01-17T09:53:02","date_gmt":"2025-01-17T09:53:02","guid":{"rendered":"https:\/\/promochaudiere.be\/produit\/bulex-echangeur-sanitaire-16-plaques-0020014402\/"},"modified":"2026-02-03T18:15:26","modified_gmt":"2026-02-03T17:15:26","slug":"bulex-echangeur-sanitaire-16-plaques-0020014402","status":"publish","type":"product","link":"https:\/\/promochaudiere.be\/nl\/product\/bulex-echangeur-sanitaire-16-plaques-0020014402\/","title":{"rendered":"Bulex Echangeur sanitaire (16 plaques) 0020014402"},"content":{"rendered":"<p>Cet \u00e9changeur sanitaire Bulex \u00e0 16 plaques assure un transfert thermique efficace entre le circuit de chauffage et l\u2019eau sanitaire. Il garantit une mont\u00e9e rapide en temp\u00e9rature et une distribution homog\u00e8ne de l\u2019eau chaude. Fabriqu\u00e9 en mat\u00e9riaux r\u00e9sistants, il offre une excellente durabilit\u00e9. Un accessoire cl\u00e9 pour optimiser la performance des chaudi\u00e8res.<\/p>","protected":false},"excerpt":{"rendered":"<p>Bulex Echangeur sanitaire (16 plaques) 0020014402<\/p>","protected":false},"featured_media":21883,"comment_status":"open","ping_status":"closed","template":"","meta":[],"product_brand":[],"product_cat":[9507,8840],"product_tag":[],"class_list":{"0":"post-14537","1":"product","2":"type-product","3":"status-publish","4":"has-post-thumbnail","6":"product_cat-pieces-detachees-bulex","7":"product_cat-test","8":"pa_marque-bulex","10":"first","11":"instock","12":"sale","13":"taxable","14":"shipping-taxable","15":"purchasable","16":"product-type-simple"},"aioseo_notices":[],"_links":{"self":[{"href":"https:\/\/promochaudiere.be\/nl\/wp-json\/wp\/v2\/product\/14537","targetHints":{"allow":["GET"]}}],"collection":[{"href":"https:\/\/promochaudiere.be\/nl\/wp-json\/wp\/v2\/product"}],"about":[{"href":"https:\/\/promochaudiere.be\/nl\/wp-json\/wp\/v2\/types\/product"}],"replies":[{"embeddable":true,"href":"https:\/\/promochaudiere.be\/nl\/wp-json\/wp\/v2\/comments?post=14537"}],"version-history":[{"count":1,"href":"https:\/\/promochaudiere.be\/nl\/wp-json\/wp\/v2\/product\/14537\/revisions"}],"predecessor-version":[{"id":45540,"href":"https:\/\/promochaudiere.be\/nl\/wp-json\/wp\/v2\/product\/14537\/revisions\/45540"}],"wp:featuredmedia":[{"embeddable":true,"href":"https:\/\/promochaudiere.be\/nl\/wp-json\/wp\/v2\/media\/21883"}],"wp:attachment":[{"href":"https:\/\/promochaudiere.be\/nl\/wp-json\/wp\/v2\/media?parent=14537"}],"wp:term":[{"taxonomy":"product_brand","embeddable":true,"href":"https:\/\/promochaudiere.be\/nl\/wp-json\/wp\/v2\/product_brand?post=14537"},{"taxonomy":"product_cat","embeddable":true,"href":"https:\/\/promochaudiere.be\/nl\/wp-json\/wp\/v2\/product_cat?post=14537"},{"taxonomy":"product_tag","embeddable":true,"href":"https:\/\/promochaudiere.be\/nl\/wp-json\/wp\/v2\/product_tag?post=14537"}],"curies":[{"name":"wp","href":"https:\/\/api.w.org\/{rel}","templated":true}]}}