{"id":14540,"date":"2025-01-17T09:53:04","date_gmt":"2025-01-17T09:53:04","guid":{"rendered":"https:\/\/promochaudiere.be\/produit\/caleffi-vanne-3-voies-motorisees-de-type-3-4-230v-643052\/"},"modified":"2026-02-03T19:39:58","modified_gmt":"2026-02-03T18:39:58","slug":"caleffi-vanne-3-voies-motorisees-de-type-3-4-230v-643052","status":"publish","type":"product","link":"https:\/\/promochaudiere.be\/nl\/product\/caleffi-vanne-3-voies-motorisees-de-type-3-4-230v-643052\/","title":{"rendered":"Caleffi Vanne 3 voies motoris\u00e9es de type 3\/4 230V 643052"},"content":{"rendered":"<p>Dot\u00e9e d\u2019une conception fiable, cette vanne motoris\u00e9e 3 voies permet un contr\u00f4le pr\u00e9cis du d\u00e9bit. Adapt\u00e9e aux installations de chauffage, elle fonctionne sous une tension de 230V. Son diam\u00e8tre de 3\/4 facilite l\u2019int\u00e9gration dans les circuits existants. Robuste, elle est con\u00e7ue pour une performance durable. Son moteur assure un fonctionnement silencieux et fluide. Id\u00e9ale pour am\u00e9liorer l\u2019efficacit\u00e9 \u00e9nerg\u00e9tique.<\/p>","protected":false},"excerpt":{"rendered":"<p>Caleffi Vanne 3 voies motoris\u00e9es de type 3\/4 230V 643052<\/p>","protected":false},"featured_media":22560,"comment_status":"open","ping_status":"closed","template":"","meta":[],"product_brand":[],"product_cat":[8840,5519],"product_tag":[],"class_list":{"0":"post-14540","1":"product","2":"type-product","3":"status-publish","4":"has-post-thumbnail","6":"product_cat-test","7":"product_cat-vanne","8":"pa_marque-caleffi","10":"first","11":"instock","12":"sale","13":"taxable","14":"shipping-taxable","15":"purchasable","16":"product-type-simple"},"aioseo_notices":[],"_links":{"self":[{"href":"https:\/\/promochaudiere.be\/nl\/wp-json\/wp\/v2\/product\/14540","targetHints":{"allow":["GET"]}}],"collection":[{"href":"https:\/\/promochaudiere.be\/nl\/wp-json\/wp\/v2\/product"}],"about":[{"href":"https:\/\/promochaudiere.be\/nl\/wp-json\/wp\/v2\/types\/product"}],"replies":[{"embeddable":true,"href":"https:\/\/promochaudiere.be\/nl\/wp-json\/wp\/v2\/comments?post=14540"}],"version-history":[{"count":1,"href":"https:\/\/promochaudiere.be\/nl\/wp-json\/wp\/v2\/product\/14540\/revisions"}],"predecessor-version":[{"id":45536,"href":"https:\/\/promochaudiere.be\/nl\/wp-json\/wp\/v2\/product\/14540\/revisions\/45536"}],"wp:featuredmedia":[{"embeddable":true,"href":"https:\/\/promochaudiere.be\/nl\/wp-json\/wp\/v2\/media\/22560"}],"wp:attachment":[{"href":"https:\/\/promochaudiere.be\/nl\/wp-json\/wp\/v2\/media?parent=14540"}],"wp:term":[{"taxonomy":"product_brand","embeddable":true,"href":"https:\/\/promochaudiere.be\/nl\/wp-json\/wp\/v2\/product_brand?post=14540"},{"taxonomy":"product_cat","embeddable":true,"href":"https:\/\/promochaudiere.be\/nl\/wp-json\/wp\/v2\/product_cat?post=14540"},{"taxonomy":"product_tag","embeddable":true,"href":"https:\/\/promochaudiere.be\/nl\/wp-json\/wp\/v2\/product_tag?post=14540"}],"curies":[{"name":"wp","href":"https:\/\/api.w.org\/{rel}","templated":true}]}}