{"id":14547,"date":"2025-01-17T09:53:06","date_gmt":"2025-01-17T09:53:06","guid":{"rendered":"https:\/\/promochaudiere.be\/produit\/junkers-vase-dexpansion-11l-ronde-87154071680\/"},"modified":"2026-02-03T18:15:27","modified_gmt":"2026-02-03T17:15:27","slug":"junkers-vase-dexpansion-11l-ronde-87154071680","status":"publish","type":"product","link":"https:\/\/promochaudiere.be\/nl\/product\/junkers-vase-dexpansion-11l-ronde-87154071680\/","title":{"rendered":"Junkers vase d&rsquo;expansion 11L ronde 87154071680"},"content":{"rendered":"<p>Ce vase d\u2019expansion Junkers de 11 litres est con\u00e7u pour absorber les variations de pression dans les circuits de chauffage. Il pr\u00e9vient les risques de surpression et prot\u00e8ge les \u00e9quipements contre les d\u00e9t\u00e9riorations. Son installation est simple et garantit une grande durabilit\u00e9.<\/p>","protected":false},"excerpt":{"rendered":"<p>Junkers vase d&rsquo;expansion 11L ronde 87154071680<\/p>","protected":false},"featured_media":21862,"comment_status":"open","ping_status":"closed","template":"","meta":[],"product_brand":[],"product_cat":[9485,8840],"product_tag":[],"class_list":{"0":"post-14547","1":"product","2":"type-product","3":"status-publish","4":"has-post-thumbnail","6":"product_cat-pieces-detachees-bosch","7":"product_cat-test","8":"pa_marque-junkers","10":"first","11":"instock","12":"sale","13":"taxable","14":"shipping-taxable","15":"purchasable","16":"product-type-simple"},"aioseo_notices":[],"_links":{"self":[{"href":"https:\/\/promochaudiere.be\/nl\/wp-json\/wp\/v2\/product\/14547","targetHints":{"allow":["GET"]}}],"collection":[{"href":"https:\/\/promochaudiere.be\/nl\/wp-json\/wp\/v2\/product"}],"about":[{"href":"https:\/\/promochaudiere.be\/nl\/wp-json\/wp\/v2\/types\/product"}],"replies":[{"embeddable":true,"href":"https:\/\/promochaudiere.be\/nl\/wp-json\/wp\/v2\/comments?post=14547"}],"version-history":[{"count":1,"href":"https:\/\/promochaudiere.be\/nl\/wp-json\/wp\/v2\/product\/14547\/revisions"}],"predecessor-version":[{"id":45532,"href":"https:\/\/promochaudiere.be\/nl\/wp-json\/wp\/v2\/product\/14547\/revisions\/45532"}],"wp:featuredmedia":[{"embeddable":true,"href":"https:\/\/promochaudiere.be\/nl\/wp-json\/wp\/v2\/media\/21862"}],"wp:attachment":[{"href":"https:\/\/promochaudiere.be\/nl\/wp-json\/wp\/v2\/media?parent=14547"}],"wp:term":[{"taxonomy":"product_brand","embeddable":true,"href":"https:\/\/promochaudiere.be\/nl\/wp-json\/wp\/v2\/product_brand?post=14547"},{"taxonomy":"product_cat","embeddable":true,"href":"https:\/\/promochaudiere.be\/nl\/wp-json\/wp\/v2\/product_cat?post=14547"},{"taxonomy":"product_tag","embeddable":true,"href":"https:\/\/promochaudiere.be\/nl\/wp-json\/wp\/v2\/product_tag?post=14547"}],"curies":[{"name":"wp","href":"https:\/\/api.w.org\/{rel}","templated":true}]}}