{"id":14548,"date":"2025-01-17T09:53:07","date_gmt":"2025-01-17T09:53:07","guid":{"rendered":"https:\/\/promochaudiere.be\/produit\/junkers-vase-dexpansion-10l-zwb-87154072600\/"},"modified":"2026-02-03T18:15:27","modified_gmt":"2026-02-03T17:15:27","slug":"junkers-vase-dexpansion-10l-zwb-87154072600","status":"publish","type":"product","link":"https:\/\/promochaudiere.be\/nl\/product\/junkers-vase-dexpansion-10l-zwb-87154072600\/","title":{"rendered":"Junkers vase d&rsquo;expansion 10L ZWB 87154072600"},"content":{"rendered":"<p>Le vase d\u2019expansion Junkers de 10 litres est sp\u00e9cialement con\u00e7u pour les chaudi\u00e8res ZWB. Il assure une stabilisation efficace de la pression et am\u00e9liore la long\u00e9vit\u00e9 des installations. Un accessoire essentiel pour un chauffage performant et fiable.<\/p>","protected":false},"excerpt":{"rendered":"<p>Junkers vase d&rsquo;expansion 10L ZWB 87154072600<\/p>","protected":false},"featured_media":22029,"comment_status":"open","ping_status":"closed","template":"","meta":[],"product_brand":[],"product_cat":[9485,8840],"product_tag":[],"class_list":{"0":"post-14548","1":"product","2":"type-product","3":"status-publish","4":"has-post-thumbnail","6":"product_cat-pieces-detachees-bosch","7":"product_cat-test","8":"pa_marque-junkers","10":"first","11":"instock","12":"sale","13":"taxable","14":"shipping-taxable","15":"purchasable","16":"product-type-simple"},"aioseo_notices":[],"_links":{"self":[{"href":"https:\/\/promochaudiere.be\/nl\/wp-json\/wp\/v2\/product\/14548","targetHints":{"allow":["GET"]}}],"collection":[{"href":"https:\/\/promochaudiere.be\/nl\/wp-json\/wp\/v2\/product"}],"about":[{"href":"https:\/\/promochaudiere.be\/nl\/wp-json\/wp\/v2\/types\/product"}],"replies":[{"embeddable":true,"href":"https:\/\/promochaudiere.be\/nl\/wp-json\/wp\/v2\/comments?post=14548"}],"version-history":[{"count":1,"href":"https:\/\/promochaudiere.be\/nl\/wp-json\/wp\/v2\/product\/14548\/revisions"}],"predecessor-version":[{"id":45528,"href":"https:\/\/promochaudiere.be\/nl\/wp-json\/wp\/v2\/product\/14548\/revisions\/45528"}],"wp:featuredmedia":[{"embeddable":true,"href":"https:\/\/promochaudiere.be\/nl\/wp-json\/wp\/v2\/media\/22029"}],"wp:attachment":[{"href":"https:\/\/promochaudiere.be\/nl\/wp-json\/wp\/v2\/media?parent=14548"}],"wp:term":[{"taxonomy":"product_brand","embeddable":true,"href":"https:\/\/promochaudiere.be\/nl\/wp-json\/wp\/v2\/product_brand?post=14548"},{"taxonomy":"product_cat","embeddable":true,"href":"https:\/\/promochaudiere.be\/nl\/wp-json\/wp\/v2\/product_cat?post=14548"},{"taxonomy":"product_tag","embeddable":true,"href":"https:\/\/promochaudiere.be\/nl\/wp-json\/wp\/v2\/product_tag?post=14548"}],"curies":[{"name":"wp","href":"https:\/\/api.w.org\/{rel}","templated":true}]}}