{"id":14554,"date":"2025-01-17T09:53:09","date_gmt":"2025-01-17T09:53:09","guid":{"rendered":"https:\/\/promochaudiere.be\/produit\/vaillant-mecanisme-gaz-0020019992\/"},"modified":"2026-02-03T18:15:31","modified_gmt":"2026-02-03T17:15:31","slug":"vaillant-mecanisme-gaz-0020019992","status":"publish","type":"product","link":"https:\/\/promochaudiere.be\/nl\/product\/vaillant-mecanisme-gaz-0020019992\/","title":{"rendered":"Vaillant M\u00e9canisme gaz 0020019992"},"content":{"rendered":"<p>Ce m\u00e9canisme gaz Vaillant est con\u00e7u pour assurer une combustion stable et \u00e9conomique. Il optimise la performance de la chaudi\u00e8re en garantissant un m\u00e9lange pr\u00e9cis du gaz et de l\u2019air. Facile \u00e0 installer, il permet un entretien simplifi\u00e9. Il contribue \u00e0 la r\u00e9duction des \u00e9missions polluantes et am\u00e9liore l\u2019efficacit\u00e9 \u00e9nerg\u00e9tique. Un \u00e9l\u00e9ment indispensable pour maintenir un chauffage performant.<\/p>","protected":false},"excerpt":{"rendered":"<p>Vaillant M\u00e9canisme gaz 0020019992<\/p>","protected":false},"featured_media":21771,"comment_status":"open","ping_status":"closed","template":"","meta":[],"product_brand":[],"product_cat":[8917,8840],"product_tag":[],"class_list":{"0":"post-14554","1":"product","2":"type-product","3":"status-publish","4":"has-post-thumbnail","6":"product_cat-pieces-detachees-vaillant","7":"product_cat-test","8":"pa_marque-vaillant","10":"first","11":"instock","12":"sale","13":"taxable","14":"shipping-taxable","15":"purchasable","16":"product-type-simple"},"aioseo_notices":[],"_links":{"self":[{"href":"https:\/\/promochaudiere.be\/nl\/wp-json\/wp\/v2\/product\/14554","targetHints":{"allow":["GET"]}}],"collection":[{"href":"https:\/\/promochaudiere.be\/nl\/wp-json\/wp\/v2\/product"}],"about":[{"href":"https:\/\/promochaudiere.be\/nl\/wp-json\/wp\/v2\/types\/product"}],"replies":[{"embeddable":true,"href":"https:\/\/promochaudiere.be\/nl\/wp-json\/wp\/v2\/comments?post=14554"}],"version-history":[{"count":1,"href":"https:\/\/promochaudiere.be\/nl\/wp-json\/wp\/v2\/product\/14554\/revisions"}],"predecessor-version":[{"id":52998,"href":"https:\/\/promochaudiere.be\/nl\/wp-json\/wp\/v2\/product\/14554\/revisions\/52998"}],"wp:featuredmedia":[{"embeddable":true,"href":"https:\/\/promochaudiere.be\/nl\/wp-json\/wp\/v2\/media\/21771"}],"wp:attachment":[{"href":"https:\/\/promochaudiere.be\/nl\/wp-json\/wp\/v2\/media?parent=14554"}],"wp:term":[{"taxonomy":"product_brand","embeddable":true,"href":"https:\/\/promochaudiere.be\/nl\/wp-json\/wp\/v2\/product_brand?post=14554"},{"taxonomy":"product_cat","embeddable":true,"href":"https:\/\/promochaudiere.be\/nl\/wp-json\/wp\/v2\/product_cat?post=14554"},{"taxonomy":"product_tag","embeddable":true,"href":"https:\/\/promochaudiere.be\/nl\/wp-json\/wp\/v2\/product_tag?post=14554"}],"curies":[{"name":"wp","href":"https:\/\/api.w.org\/{rel}","templated":true}]}}