{"id":14555,"date":"2025-01-17T09:53:09","date_gmt":"2025-01-17T09:53:09","guid":{"rendered":"https:\/\/promochaudiere.be\/produit\/vaillant-jeu-de-sondes-0020209505\/"},"modified":"2026-02-03T18:15:27","modified_gmt":"2026-02-03T17:15:27","slug":"vaillant-jeu-de-sondes-0020209505","status":"publish","type":"product","link":"https:\/\/promochaudiere.be\/nl\/product\/vaillant-jeu-de-sondes-0020209505\/","title":{"rendered":"Vaillant Jeu de sondes 0020209505"},"content":{"rendered":"<p>Ce jeu de sondes Vaillant permet de mesurer avec pr\u00e9cision la temp\u00e9rature des circuits de chauffage et d\u2019eau chaude sanitaire. Il assure une r\u00e9gulation efficace et contribue \u00e0 l\u2019optimisation \u00e9nerg\u00e9tique du syst\u00e8me.<\/p>","protected":false},"excerpt":{"rendered":"<p>Vaillant Jeu de sondes 0020209505<\/p>","protected":false},"featured_media":21733,"comment_status":"open","ping_status":"closed","template":"","meta":[],"product_brand":[],"product_cat":[8917,8840],"product_tag":[],"class_list":{"0":"post-14555","1":"product","2":"type-product","3":"status-publish","4":"has-post-thumbnail","6":"product_cat-pieces-detachees-vaillant","7":"product_cat-test","8":"pa_marque-vaillant","10":"first","11":"instock","12":"sale","13":"taxable","14":"shipping-taxable","15":"purchasable","16":"product-type-simple"},"aioseo_notices":[],"_links":{"self":[{"href":"https:\/\/promochaudiere.be\/nl\/wp-json\/wp\/v2\/product\/14555","targetHints":{"allow":["GET"]}}],"collection":[{"href":"https:\/\/promochaudiere.be\/nl\/wp-json\/wp\/v2\/product"}],"about":[{"href":"https:\/\/promochaudiere.be\/nl\/wp-json\/wp\/v2\/types\/product"}],"replies":[{"embeddable":true,"href":"https:\/\/promochaudiere.be\/nl\/wp-json\/wp\/v2\/comments?post=14555"}],"version-history":[{"count":1,"href":"https:\/\/promochaudiere.be\/nl\/wp-json\/wp\/v2\/product\/14555\/revisions"}],"predecessor-version":[{"id":52997,"href":"https:\/\/promochaudiere.be\/nl\/wp-json\/wp\/v2\/product\/14555\/revisions\/52997"}],"wp:featuredmedia":[{"embeddable":true,"href":"https:\/\/promochaudiere.be\/nl\/wp-json\/wp\/v2\/media\/21733"}],"wp:attachment":[{"href":"https:\/\/promochaudiere.be\/nl\/wp-json\/wp\/v2\/media?parent=14555"}],"wp:term":[{"taxonomy":"product_brand","embeddable":true,"href":"https:\/\/promochaudiere.be\/nl\/wp-json\/wp\/v2\/product_brand?post=14555"},{"taxonomy":"product_cat","embeddable":true,"href":"https:\/\/promochaudiere.be\/nl\/wp-json\/wp\/v2\/product_cat?post=14555"},{"taxonomy":"product_tag","embeddable":true,"href":"https:\/\/promochaudiere.be\/nl\/wp-json\/wp\/v2\/product_tag?post=14555"}],"curies":[{"name":"wp","href":"https:\/\/api.w.org\/{rel}","templated":true}]}}