{"id":14557,"date":"2025-01-17T09:53:10","date_gmt":"2025-01-17T09:53:10","guid":{"rendered":"https:\/\/promochaudiere.be\/produit\/compteur-gazraccords-3-4g-0025-4m3-h-3533kwatt-gmt100121\/"},"modified":"2026-02-03T18:15:26","modified_gmt":"2026-02-03T17:15:26","slug":"compteur-gazraccords-3-4g-0025-4m3-h-3533kwatt-gmt100121","status":"publish","type":"product","link":"https:\/\/promochaudiere.be\/nl\/product\/compteur-gazraccords-3-4g-0025-4m3-h-3533kwatt-gmt100121\/","title":{"rendered":"COMPTEUR GAZ+RACCORDS 3\/4&Prime;G 0,025-4M3\/H-35,33KWATT GMT100121"},"content":{"rendered":"<p>Ce compteur de gaz permet un suivi pr\u00e9cis de la consommation en mesurant un d\u00e9bit de 0,025 \u00e0 4 m\u00b3\/h. Son raccordement standard en 3\/4&Prime; le rend compatible avec de nombreuses installations. Id\u00e9al pour les habitations et les petits commerces n\u00e9cessitant une gestion pr\u00e9cise du gaz.<\/p>","protected":false},"excerpt":{"rendered":"<p>COMPTEUR GAZ+RACCORDS 3\/4&Prime;G 0,025-4M3\/H-35,33KWATT GMT100121<\/p>","protected":false},"featured_media":21483,"comment_status":"open","ping_status":"closed","template":"","meta":[],"product_brand":[],"product_cat":[822,8840],"product_tag":[],"class_list":{"0":"post-14557","1":"product","2":"type-product","3":"status-publish","4":"has-post-thumbnail","6":"product_cat-accessoire","7":"product_cat-test","9":"first","10":"instock","11":"sale","12":"taxable","13":"shipping-taxable","14":"purchasable","15":"product-type-simple"},"aioseo_notices":[],"_links":{"self":[{"href":"https:\/\/promochaudiere.be\/nl\/wp-json\/wp\/v2\/product\/14557","targetHints":{"allow":["GET"]}}],"collection":[{"href":"https:\/\/promochaudiere.be\/nl\/wp-json\/wp\/v2\/product"}],"about":[{"href":"https:\/\/promochaudiere.be\/nl\/wp-json\/wp\/v2\/types\/product"}],"replies":[{"embeddable":true,"href":"https:\/\/promochaudiere.be\/nl\/wp-json\/wp\/v2\/comments?post=14557"}],"version-history":[{"count":1,"href":"https:\/\/promochaudiere.be\/nl\/wp-json\/wp\/v2\/product\/14557\/revisions"}],"predecessor-version":[{"id":52995,"href":"https:\/\/promochaudiere.be\/nl\/wp-json\/wp\/v2\/product\/14557\/revisions\/52995"}],"wp:featuredmedia":[{"embeddable":true,"href":"https:\/\/promochaudiere.be\/nl\/wp-json\/wp\/v2\/media\/21483"}],"wp:attachment":[{"href":"https:\/\/promochaudiere.be\/nl\/wp-json\/wp\/v2\/media?parent=14557"}],"wp:term":[{"taxonomy":"product_brand","embeddable":true,"href":"https:\/\/promochaudiere.be\/nl\/wp-json\/wp\/v2\/product_brand?post=14557"},{"taxonomy":"product_cat","embeddable":true,"href":"https:\/\/promochaudiere.be\/nl\/wp-json\/wp\/v2\/product_cat?post=14557"},{"taxonomy":"product_tag","embeddable":true,"href":"https:\/\/promochaudiere.be\/nl\/wp-json\/wp\/v2\/product_tag?post=14557"}],"curies":[{"name":"wp","href":"https:\/\/api.w.org\/{rel}","templated":true}]}}