{"id":14560,"date":"2025-01-17T09:53:11","date_gmt":"2025-01-17T09:53:11","guid":{"rendered":"https:\/\/promochaudiere.be\/produit\/caleffi-vanne-2-voies-motorisees-de-type-4-4-230v-642062\/"},"modified":"2026-02-03T19:39:59","modified_gmt":"2026-02-03T18:39:59","slug":"caleffi-vanne-2-voies-motorisees-de-type-4-4-230v-642062","status":"publish","type":"product","link":"https:\/\/promochaudiere.be\/nl\/product\/caleffi-vanne-2-voies-motorisees-de-type-4-4-230v-642062\/","title":{"rendered":"Caleffi Vanne 2 voies motoris\u00e9es de type 4\/4 230V 642062"},"content":{"rendered":"<p>Avec son moteur 230V, cette vanne 2 voies facilite le contr\u00f4le des flux hydrauliques. Son format 4\/4 offre une adaptabilit\u00e9 aux r\u00e9seaux exigeants. Elle am\u00e9liore la gestion de la temp\u00e9rature dans les installations domestiques et industrielles. Son corps en laiton lui conf\u00e8re solidit\u00e9 et durabilit\u00e9. Facile \u00e0 monter, elle s\u2019int\u00e8gre rapidement dans votre installation. Un choix fiable pour une r\u00e9gulation optimale.<\/p>","protected":false},"excerpt":{"rendered":"<p>Caleffi Vanne 2 voies motoris\u00e9es de type 4\/4 230V 642062<\/p>","protected":false},"featured_media":22045,"comment_status":"open","ping_status":"closed","template":"","meta":[],"product_brand":[],"product_cat":[8840,5519],"product_tag":[],"class_list":{"0":"post-14560","1":"product","2":"type-product","3":"status-publish","4":"has-post-thumbnail","6":"product_cat-test","7":"product_cat-vanne","8":"pa_marque-caleffi","10":"first","11":"instock","12":"sale","13":"taxable","14":"shipping-taxable","15":"purchasable","16":"product-type-simple"},"aioseo_notices":[],"_links":{"self":[{"href":"https:\/\/promochaudiere.be\/nl\/wp-json\/wp\/v2\/product\/14560","targetHints":{"allow":["GET"]}}],"collection":[{"href":"https:\/\/promochaudiere.be\/nl\/wp-json\/wp\/v2\/product"}],"about":[{"href":"https:\/\/promochaudiere.be\/nl\/wp-json\/wp\/v2\/types\/product"}],"replies":[{"embeddable":true,"href":"https:\/\/promochaudiere.be\/nl\/wp-json\/wp\/v2\/comments?post=14560"}],"version-history":[{"count":1,"href":"https:\/\/promochaudiere.be\/nl\/wp-json\/wp\/v2\/product\/14560\/revisions"}],"predecessor-version":[{"id":45523,"href":"https:\/\/promochaudiere.be\/nl\/wp-json\/wp\/v2\/product\/14560\/revisions\/45523"}],"wp:featuredmedia":[{"embeddable":true,"href":"https:\/\/promochaudiere.be\/nl\/wp-json\/wp\/v2\/media\/22045"}],"wp:attachment":[{"href":"https:\/\/promochaudiere.be\/nl\/wp-json\/wp\/v2\/media?parent=14560"}],"wp:term":[{"taxonomy":"product_brand","embeddable":true,"href":"https:\/\/promochaudiere.be\/nl\/wp-json\/wp\/v2\/product_brand?post=14560"},{"taxonomy":"product_cat","embeddable":true,"href":"https:\/\/promochaudiere.be\/nl\/wp-json\/wp\/v2\/product_cat?post=14560"},{"taxonomy":"product_tag","embeddable":true,"href":"https:\/\/promochaudiere.be\/nl\/wp-json\/wp\/v2\/product_tag?post=14560"}],"curies":[{"name":"wp","href":"https:\/\/api.w.org\/{rel}","templated":true}]}}