{"id":14567,"date":"2025-01-17T09:53:15","date_gmt":"2025-01-17T09:53:15","guid":{"rendered":"https:\/\/promochaudiere.be\/produit\/filtre-ventilation-automatique-tigerloop-0139131\/"},"modified":"2026-02-03T18:15:32","modified_gmt":"2026-02-03T17:15:32","slug":"filtre-ventilation-automatique-tigerloop-0139131","status":"publish","type":"product","link":"https:\/\/promochaudiere.be\/nl\/product\/filtre-ventilation-automatique-tigerloop-0139131\/","title":{"rendered":"Filtre ventilation automatique Tigerloop 0139131"},"content":{"rendered":"<p>Ce filtre de ventilation automatique Tigerloop est con\u00e7u pour \u00e9viter les bulles d\u2019air dans les circuits de fioul. Il am\u00e9liore la performance des chaudi\u00e8res et r\u00e9duit la consommation de carburant. Facile \u00e0 poser, il optimise la stabilit\u00e9 du syst\u00e8me. Un accessoire essentiel pour une combustion plus propre et un rendement accru.<\/p>","protected":false},"excerpt":{"rendered":"<p>Filtre ventilation automatique Tigerloop 0139131<\/p>","protected":false},"featured_media":21723,"comment_status":"open","ping_status":"closed","template":"","meta":[],"product_brand":[],"product_cat":[5515,8840],"product_tag":[],"class_list":{"0":"post-14567","1":"product","2":"type-product","3":"status-publish","4":"has-post-thumbnail","6":"product_cat-accessoires-fioul","7":"product_cat-test","9":"first","10":"instock","11":"sale","12":"taxable","13":"shipping-taxable","14":"purchasable","15":"product-type-simple"},"aioseo_notices":[],"_links":{"self":[{"href":"https:\/\/promochaudiere.be\/nl\/wp-json\/wp\/v2\/product\/14567","targetHints":{"allow":["GET"]}}],"collection":[{"href":"https:\/\/promochaudiere.be\/nl\/wp-json\/wp\/v2\/product"}],"about":[{"href":"https:\/\/promochaudiere.be\/nl\/wp-json\/wp\/v2\/types\/product"}],"replies":[{"embeddable":true,"href":"https:\/\/promochaudiere.be\/nl\/wp-json\/wp\/v2\/comments?post=14567"}],"version-history":[{"count":1,"href":"https:\/\/promochaudiere.be\/nl\/wp-json\/wp\/v2\/product\/14567\/revisions"}],"predecessor-version":[{"id":52993,"href":"https:\/\/promochaudiere.be\/nl\/wp-json\/wp\/v2\/product\/14567\/revisions\/52993"}],"wp:featuredmedia":[{"embeddable":true,"href":"https:\/\/promochaudiere.be\/nl\/wp-json\/wp\/v2\/media\/21723"}],"wp:attachment":[{"href":"https:\/\/promochaudiere.be\/nl\/wp-json\/wp\/v2\/media?parent=14567"}],"wp:term":[{"taxonomy":"product_brand","embeddable":true,"href":"https:\/\/promochaudiere.be\/nl\/wp-json\/wp\/v2\/product_brand?post=14567"},{"taxonomy":"product_cat","embeddable":true,"href":"https:\/\/promochaudiere.be\/nl\/wp-json\/wp\/v2\/product_cat?post=14567"},{"taxonomy":"product_tag","embeddable":true,"href":"https:\/\/promochaudiere.be\/nl\/wp-json\/wp\/v2\/product_tag?post=14567"}],"curies":[{"name":"wp","href":"https:\/\/api.w.org\/{rel}","templated":true}]}}