{"id":14571,"date":"2025-01-17T09:53:17","date_gmt":"2025-01-17T09:53:17","guid":{"rendered":"https:\/\/promochaudiere.be\/produit\/compteur-gaz-g4-avec-raccordement-et-joints-6001-gmt100112\/"},"modified":"2026-02-03T19:40:00","modified_gmt":"2026-02-03T18:40:00","slug":"compteur-gaz-g4-avec-raccordement-et-joints-6001-gmt100112","status":"publish","type":"product","link":"https:\/\/promochaudiere.be\/nl\/product\/compteur-gaz-g4-avec-raccordement-et-joints-6001-gmt100112\/","title":{"rendered":"Compteur gaz G4 avec raccordement et joints 6001 GMT100112"},"content":{"rendered":"<p>Ce compteur de gaz G4 est con\u00e7u pour mesurer avec pr\u00e9cision la consommation de gaz naturel ou propane. Il est livr\u00e9 avec des raccords et joints pour une installation rapide et s\u00e9curis\u00e9e. Sa conception robuste garantit une grande pr\u00e9cision et une durabilit\u00e9 optimale.<\/p>","protected":false},"excerpt":{"rendered":"<p>Compteur gaz G4 avec raccordement et joints 6001 GMT100112<\/p>","protected":false},"featured_media":21482,"comment_status":"open","ping_status":"closed","template":"","meta":[],"product_brand":[],"product_cat":[822,8840],"product_tag":[],"class_list":{"0":"post-14571","1":"product","2":"type-product","3":"status-publish","4":"has-post-thumbnail","6":"product_cat-accessoire","7":"product_cat-test","9":"first","10":"instock","11":"sale","12":"taxable","13":"shipping-taxable","14":"purchasable","15":"product-type-simple"},"aioseo_notices":[],"_links":{"self":[{"href":"https:\/\/promochaudiere.be\/nl\/wp-json\/wp\/v2\/product\/14571","targetHints":{"allow":["GET"]}}],"collection":[{"href":"https:\/\/promochaudiere.be\/nl\/wp-json\/wp\/v2\/product"}],"about":[{"href":"https:\/\/promochaudiere.be\/nl\/wp-json\/wp\/v2\/types\/product"}],"replies":[{"embeddable":true,"href":"https:\/\/promochaudiere.be\/nl\/wp-json\/wp\/v2\/comments?post=14571"}],"version-history":[{"count":1,"href":"https:\/\/promochaudiere.be\/nl\/wp-json\/wp\/v2\/product\/14571\/revisions"}],"predecessor-version":[{"id":52992,"href":"https:\/\/promochaudiere.be\/nl\/wp-json\/wp\/v2\/product\/14571\/revisions\/52992"}],"wp:featuredmedia":[{"embeddable":true,"href":"https:\/\/promochaudiere.be\/nl\/wp-json\/wp\/v2\/media\/21482"}],"wp:attachment":[{"href":"https:\/\/promochaudiere.be\/nl\/wp-json\/wp\/v2\/media?parent=14571"}],"wp:term":[{"taxonomy":"product_brand","embeddable":true,"href":"https:\/\/promochaudiere.be\/nl\/wp-json\/wp\/v2\/product_brand?post=14571"},{"taxonomy":"product_cat","embeddable":true,"href":"https:\/\/promochaudiere.be\/nl\/wp-json\/wp\/v2\/product_cat?post=14571"},{"taxonomy":"product_tag","embeddable":true,"href":"https:\/\/promochaudiere.be\/nl\/wp-json\/wp\/v2\/product_tag?post=14571"}],"curies":[{"name":"wp","href":"https:\/\/api.w.org\/{rel}","templated":true}]}}