{"id":14575,"date":"2025-01-17T09:53:18","date_gmt":"2025-01-17T09:53:18","guid":{"rendered":"https:\/\/promochaudiere.be\/produit\/vase-dexpansion-12-l-s1079700\/"},"modified":"2026-02-03T18:15:29","modified_gmt":"2026-02-03T17:15:29","slug":"vase-dexpansion-12-l-s1079700","status":"publish","type":"product","link":"https:\/\/promochaudiere.be\/nl\/product\/vase-dexpansion-12-l-s1079700\/","title":{"rendered":"VASE D&rsquo;EXPANSION 12 L S1079700"},"content":{"rendered":"<p>Ce vase d\u2019expansion de 12 litres est con\u00e7u pour absorber les variations de pression dans les circuits de chauffage. Il pr\u00e9vient les risques de surpression et prot\u00e8ge les \u00e9quipements. Son installation est simple et sa membrane r\u00e9sistante garantit une longue dur\u00e9e de vie. Compatible avec plusieurs syst\u00e8mes de chauffage, il optimise le rendement des installations. Un accessoire cl\u00e9 pour une installation thermique s\u00e9curis\u00e9e.<\/p>","protected":false},"excerpt":{"rendered":"<p>VASE D&rsquo;EXPANSION 12 L S1079700<\/p>","protected":false},"featured_media":21860,"comment_status":"open","ping_status":"closed","template":"","meta":[],"product_brand":[],"product_cat":[9507,8840],"product_tag":[],"class_list":{"0":"post-14575","1":"product","2":"type-product","3":"status-publish","4":"has-post-thumbnail","6":"product_cat-pieces-detachees-bulex","7":"product_cat-test","8":"pa_marque-bulex","10":"first","11":"instock","12":"sale","13":"taxable","14":"shipping-taxable","15":"purchasable","16":"product-type-simple"},"aioseo_notices":[],"_links":{"self":[{"href":"https:\/\/promochaudiere.be\/nl\/wp-json\/wp\/v2\/product\/14575","targetHints":{"allow":["GET"]}}],"collection":[{"href":"https:\/\/promochaudiere.be\/nl\/wp-json\/wp\/v2\/product"}],"about":[{"href":"https:\/\/promochaudiere.be\/nl\/wp-json\/wp\/v2\/types\/product"}],"replies":[{"embeddable":true,"href":"https:\/\/promochaudiere.be\/nl\/wp-json\/wp\/v2\/comments?post=14575"}],"version-history":[{"count":1,"href":"https:\/\/promochaudiere.be\/nl\/wp-json\/wp\/v2\/product\/14575\/revisions"}],"predecessor-version":[{"id":45513,"href":"https:\/\/promochaudiere.be\/nl\/wp-json\/wp\/v2\/product\/14575\/revisions\/45513"}],"wp:featuredmedia":[{"embeddable":true,"href":"https:\/\/promochaudiere.be\/nl\/wp-json\/wp\/v2\/media\/21860"}],"wp:attachment":[{"href":"https:\/\/promochaudiere.be\/nl\/wp-json\/wp\/v2\/media?parent=14575"}],"wp:term":[{"taxonomy":"product_brand","embeddable":true,"href":"https:\/\/promochaudiere.be\/nl\/wp-json\/wp\/v2\/product_brand?post=14575"},{"taxonomy":"product_cat","embeddable":true,"href":"https:\/\/promochaudiere.be\/nl\/wp-json\/wp\/v2\/product_cat?post=14575"},{"taxonomy":"product_tag","embeddable":true,"href":"https:\/\/promochaudiere.be\/nl\/wp-json\/wp\/v2\/product_tag?post=14575"}],"curies":[{"name":"wp","href":"https:\/\/api.w.org\/{rel}","templated":true}]}}