{"id":14576,"date":"2025-01-17T09:53:19","date_gmt":"2025-01-17T09:53:19","guid":{"rendered":"https:\/\/promochaudiere.be\/produit\/bulex-echangeur-sanitaire-de-16-plaques-isofast-isotwin-05733000\/"},"modified":"2026-02-03T18:15:29","modified_gmt":"2026-02-03T17:15:29","slug":"bulex-echangeur-sanitaire-de-16-plaques-isofast-isotwin-05733000","status":"publish","type":"product","link":"https:\/\/promochaudiere.be\/nl\/product\/bulex-echangeur-sanitaire-de-16-plaques-isofast-isotwin-05733000\/","title":{"rendered":"Bulex \u00e9changeur sanitaire de 16 plaques Isofast\/Isotwin 05733000"},"content":{"rendered":"<p>Cet \u00e9changeur sanitaire Bulex assure un transfert thermique optimal entre l\u2019eau de chauffage et l\u2019eau sanitaire. Il permet une mont\u00e9e rapide en temp\u00e9rature tout en optimisant la consommation \u00e9nerg\u00e9tique. Fabriqu\u00e9 en acier inoxydable, il garantit une longue dur\u00e9e de vie. Facile \u00e0 installer, il am\u00e9liore le rendement des chaudi\u00e8res. Un \u00e9l\u00e9ment essentiel pour un confort thermique optimal.<\/p>","protected":false},"excerpt":{"rendered":"<p>Bulex \u00e9changeur sanitaire de 16 plaques Isofast\/Isotwin 05733000<\/p>","protected":false},"featured_media":21885,"comment_status":"open","ping_status":"closed","template":"","meta":[],"product_brand":[],"product_cat":[9507,8840],"product_tag":[],"class_list":{"0":"post-14576","1":"product","2":"type-product","3":"status-publish","4":"has-post-thumbnail","6":"product_cat-pieces-detachees-bulex","7":"product_cat-test","8":"pa_marque-bulex","10":"first","11":"instock","12":"sale","13":"taxable","14":"shipping-taxable","15":"purchasable","16":"product-type-simple"},"aioseo_notices":[],"_links":{"self":[{"href":"https:\/\/promochaudiere.be\/nl\/wp-json\/wp\/v2\/product\/14576","targetHints":{"allow":["GET"]}}],"collection":[{"href":"https:\/\/promochaudiere.be\/nl\/wp-json\/wp\/v2\/product"}],"about":[{"href":"https:\/\/promochaudiere.be\/nl\/wp-json\/wp\/v2\/types\/product"}],"replies":[{"embeddable":true,"href":"https:\/\/promochaudiere.be\/nl\/wp-json\/wp\/v2\/comments?post=14576"}],"version-history":[{"count":1,"href":"https:\/\/promochaudiere.be\/nl\/wp-json\/wp\/v2\/product\/14576\/revisions"}],"predecessor-version":[{"id":45509,"href":"https:\/\/promochaudiere.be\/nl\/wp-json\/wp\/v2\/product\/14576\/revisions\/45509"}],"wp:featuredmedia":[{"embeddable":true,"href":"https:\/\/promochaudiere.be\/nl\/wp-json\/wp\/v2\/media\/21885"}],"wp:attachment":[{"href":"https:\/\/promochaudiere.be\/nl\/wp-json\/wp\/v2\/media?parent=14576"}],"wp:term":[{"taxonomy":"product_brand","embeddable":true,"href":"https:\/\/promochaudiere.be\/nl\/wp-json\/wp\/v2\/product_brand?post=14576"},{"taxonomy":"product_cat","embeddable":true,"href":"https:\/\/promochaudiere.be\/nl\/wp-json\/wp\/v2\/product_cat?post=14576"},{"taxonomy":"product_tag","embeddable":true,"href":"https:\/\/promochaudiere.be\/nl\/wp-json\/wp\/v2\/product_tag?post=14576"}],"curies":[{"name":"wp","href":"https:\/\/api.w.org\/{rel}","templated":true}]}}