{"id":14577,"date":"2025-01-17T09:53:19","date_gmt":"2025-01-17T09:53:19","guid":{"rendered":"https:\/\/promochaudiere.be\/produit\/bulex-ventilateur-themaclassic-f24ethematek-s1008800\/"},"modified":"2026-02-03T18:15:29","modified_gmt":"2026-02-03T17:15:29","slug":"bulex-ventilateur-themaclassic-f24ethematek-s1008800","status":"publish","type":"product","link":"https:\/\/promochaudiere.be\/nl\/product\/bulex-ventilateur-themaclassic-f24ethematek-s1008800\/","title":{"rendered":"Bulex ventilateur Themaclassic F24E+Thematek S1008800"},"content":{"rendered":"<p>Le ventilateur Bulex assure une bonne \u00e9vacuation des gaz br\u00fbl\u00e9s et optimise la combustion pour un rendement accru.<\/p>","protected":false},"excerpt":{"rendered":"<p>Bulex ventilateur Themaclassic F24E+Thematek S1008800<\/p>","protected":false},"featured_media":22574,"comment_status":"open","ping_status":"closed","template":"","meta":[],"product_brand":[],"product_cat":[9507,8840],"product_tag":[],"class_list":{"0":"post-14577","1":"product","2":"type-product","3":"status-publish","4":"has-post-thumbnail","6":"product_cat-pieces-detachees-bulex","7":"product_cat-test","8":"pa_marque-bulex","10":"first","11":"instock","12":"sale","13":"taxable","14":"shipping-taxable","15":"purchasable","16":"product-type-simple"},"aioseo_notices":[],"_links":{"self":[{"href":"https:\/\/promochaudiere.be\/nl\/wp-json\/wp\/v2\/product\/14577","targetHints":{"allow":["GET"]}}],"collection":[{"href":"https:\/\/promochaudiere.be\/nl\/wp-json\/wp\/v2\/product"}],"about":[{"href":"https:\/\/promochaudiere.be\/nl\/wp-json\/wp\/v2\/types\/product"}],"replies":[{"embeddable":true,"href":"https:\/\/promochaudiere.be\/nl\/wp-json\/wp\/v2\/comments?post=14577"}],"version-history":[{"count":1,"href":"https:\/\/promochaudiere.be\/nl\/wp-json\/wp\/v2\/product\/14577\/revisions"}],"predecessor-version":[{"id":45510,"href":"https:\/\/promochaudiere.be\/nl\/wp-json\/wp\/v2\/product\/14577\/revisions\/45510"}],"wp:featuredmedia":[{"embeddable":true,"href":"https:\/\/promochaudiere.be\/nl\/wp-json\/wp\/v2\/media\/22574"}],"wp:attachment":[{"href":"https:\/\/promochaudiere.be\/nl\/wp-json\/wp\/v2\/media?parent=14577"}],"wp:term":[{"taxonomy":"product_brand","embeddable":true,"href":"https:\/\/promochaudiere.be\/nl\/wp-json\/wp\/v2\/product_brand?post=14577"},{"taxonomy":"product_cat","embeddable":true,"href":"https:\/\/promochaudiere.be\/nl\/wp-json\/wp\/v2\/product_cat?post=14577"},{"taxonomy":"product_tag","embeddable":true,"href":"https:\/\/promochaudiere.be\/nl\/wp-json\/wp\/v2\/product_tag?post=14577"}],"curies":[{"name":"wp","href":"https:\/\/api.w.org\/{rel}","templated":true}]}}