{"id":14578,"date":"2025-01-17T09:53:19","date_gmt":"2025-01-17T09:53:19","guid":{"rendered":"https:\/\/promochaudiere.be\/produit\/walraven-collier-bismat-avec-isogaine-wm-100-105-m8-10-35-62322\/"},"modified":"2026-02-03T19:39:59","modified_gmt":"2026-02-03T18:39:59","slug":"walraven-collier-bismat-avec-isogaine-wm-100-105-m8-10-35-62322","status":"publish","type":"product","link":"https:\/\/promochaudiere.be\/product\/walraven-collier-bismat-avec-isogaine-wm-100-105-m8-10-35-62322\/","title":{"rendered":"Walraven Collier bismat avec isogaine wm 100-105 m8-10 3,5 62322"},"content":{"rendered":"<p>Ce collier Walraven Bismat avec isogaine est con\u00e7u pour fixer solidement les conduits tout en assurant une isolation thermique et phonique. Son diam\u00e8tre de 100-108mm garantit une compatibilit\u00e9 avec divers syst\u00e8mes. Son mat\u00e9riau robuste assure une r\u00e9sistance optimale aux vibrations. Facile \u00e0 poser, il am\u00e9liore la stabilit\u00e9 des installations. Id\u00e9al pour une fixation durable et performante.<\/p>","protected":false},"excerpt":{"rendered":"<p>Walraven Collier bismat avec isogaine wm 100-105 m8-10 3,5 62322<\/p>","protected":false},"featured_media":22128,"comment_status":"open","ping_status":"closed","template":"","meta":[],"product_brand":[],"product_cat":[5527,8840],"product_tag":[],"class_list":{"0":"post-14578","1":"product","2":"type-product","3":"status-publish","4":"has-post-thumbnail","6":"product_cat-separation-dair-et-de-boues","7":"product_cat-test","8":"pa_marque-walraven","10":"first","11":"instock","12":"sale","13":"taxable","14":"shipping-taxable","15":"purchasable","16":"product-type-simple"},"aioseo_notices":[],"_links":{"self":[{"href":"https:\/\/promochaudiere.be\/nl\/wp-json\/wp\/v2\/product\/14578","targetHints":{"allow":["GET"]}}],"collection":[{"href":"https:\/\/promochaudiere.be\/nl\/wp-json\/wp\/v2\/product"}],"about":[{"href":"https:\/\/promochaudiere.be\/nl\/wp-json\/wp\/v2\/types\/product"}],"replies":[{"embeddable":true,"href":"https:\/\/promochaudiere.be\/nl\/wp-json\/wp\/v2\/comments?post=14578"}],"version-history":[{"count":1,"href":"https:\/\/promochaudiere.be\/nl\/wp-json\/wp\/v2\/product\/14578\/revisions"}],"predecessor-version":[{"id":52991,"href":"https:\/\/promochaudiere.be\/nl\/wp-json\/wp\/v2\/product\/14578\/revisions\/52991"}],"wp:featuredmedia":[{"embeddable":true,"href":"https:\/\/promochaudiere.be\/nl\/wp-json\/wp\/v2\/media\/22128"}],"wp:attachment":[{"href":"https:\/\/promochaudiere.be\/nl\/wp-json\/wp\/v2\/media?parent=14578"}],"wp:term":[{"taxonomy":"product_brand","embeddable":true,"href":"https:\/\/promochaudiere.be\/nl\/wp-json\/wp\/v2\/product_brand?post=14578"},{"taxonomy":"product_cat","embeddable":true,"href":"https:\/\/promochaudiere.be\/nl\/wp-json\/wp\/v2\/product_cat?post=14578"},{"taxonomy":"product_tag","embeddable":true,"href":"https:\/\/promochaudiere.be\/nl\/wp-json\/wp\/v2\/product_tag?post=14578"}],"curies":[{"name":"wp","href":"https:\/\/api.w.org\/{rel}","templated":true}]}}