{"id":14591,"date":"2025-01-17T09:53:24","date_gmt":"2025-01-17T09:53:24","guid":{"rendered":"https:\/\/promochaudiere.be\/produit\/passage-mural-pour-systeme-de-ventilation-d-200mm-noir-400480620\/"},"modified":"2026-02-03T18:15:32","modified_gmt":"2026-02-03T17:15:32","slug":"passage-mural-pour-systeme-de-ventilation-d-200mm-noir-400480620","status":"publish","type":"product","link":"https:\/\/promochaudiere.be\/nl\/product\/passage-mural-pour-systeme-de-ventilation-d-200mm-noir-400480620\/","title":{"rendered":"PASSAGE MURAL POUR SYSTEME DE VENTILATION D 200MM NOIR 400480620"},"content":{"rendered":"<p>Ce passage mural de 200mm assure une travers\u00e9e propre et s\u00e9curis\u00e9e des conduits de ventilation. Son mat\u00e9riau r\u00e9sistant garantit une longue dur\u00e9e de vie. Facile \u00e0 poser, il optimise le rendement du syst\u00e8me a\u00e9raulique. Un accessoire indispensable pour une a\u00e9ration contr\u00f4l\u00e9e.<\/p>","protected":false},"excerpt":{"rendered":"<p>PASSAGE MURAL POUR SYSTEME DE VENTILATION D 200MM NOIR 400480620<\/p>","protected":false},"featured_media":22609,"comment_status":"open","ping_status":"closed","template":"","meta":[],"product_brand":[],"product_cat":[2791,8840],"product_tag":[],"class_list":{"0":"post-14591","1":"product","2":"type-product","3":"status-publish","4":"has-post-thumbnail","6":"product_cat-accessoires-de-ventilation","7":"product_cat-test","9":"first","10":"instock","11":"sale","12":"taxable","13":"shipping-taxable","14":"purchasable","15":"product-type-simple"},"aioseo_notices":[],"_links":{"self":[{"href":"https:\/\/promochaudiere.be\/nl\/wp-json\/wp\/v2\/product\/14591","targetHints":{"allow":["GET"]}}],"collection":[{"href":"https:\/\/promochaudiere.be\/nl\/wp-json\/wp\/v2\/product"}],"about":[{"href":"https:\/\/promochaudiere.be\/nl\/wp-json\/wp\/v2\/types\/product"}],"replies":[{"embeddable":true,"href":"https:\/\/promochaudiere.be\/nl\/wp-json\/wp\/v2\/comments?post=14591"}],"version-history":[{"count":1,"href":"https:\/\/promochaudiere.be\/nl\/wp-json\/wp\/v2\/product\/14591\/revisions"}],"predecessor-version":[{"id":52987,"href":"https:\/\/promochaudiere.be\/nl\/wp-json\/wp\/v2\/product\/14591\/revisions\/52987"}],"wp:featuredmedia":[{"embeddable":true,"href":"https:\/\/promochaudiere.be\/nl\/wp-json\/wp\/v2\/media\/22609"}],"wp:attachment":[{"href":"https:\/\/promochaudiere.be\/nl\/wp-json\/wp\/v2\/media?parent=14591"}],"wp:term":[{"taxonomy":"product_brand","embeddable":true,"href":"https:\/\/promochaudiere.be\/nl\/wp-json\/wp\/v2\/product_brand?post=14591"},{"taxonomy":"product_cat","embeddable":true,"href":"https:\/\/promochaudiere.be\/nl\/wp-json\/wp\/v2\/product_cat?post=14591"},{"taxonomy":"product_tag","embeddable":true,"href":"https:\/\/promochaudiere.be\/nl\/wp-json\/wp\/v2\/product_tag?post=14591"}],"curies":[{"name":"wp","href":"https:\/\/api.w.org\/{rel}","templated":true}]}}