{"id":14592,"date":"2025-01-17T09:53:25","date_gmt":"2025-01-17T09:53:25","guid":{"rendered":"https:\/\/promochaudiere.be\/produit\/solin-isole-couvre-leadax-pour-ventilation-180-200mm-10-55-400472066\/"},"modified":"2026-02-03T18:15:30","modified_gmt":"2026-02-03T17:15:30","slug":"solin-isole-couvre-leadax-pour-ventilation-180-200mm-10-55-400472066","status":"publish","type":"product","link":"https:\/\/promochaudiere.be\/nl\/product\/solin-isole-couvre-leadax-pour-ventilation-180-200mm-10-55-400472066\/","title":{"rendered":"SOLIN ISOLE +COUVRE LEADAX POUR VENTILATION 180-200MM 10-55\u00b0 400472066"},"content":{"rendered":"<p>Ce solin isol\u00e9 avec couvre Leadax est con\u00e7u pour les conduits de ventilation de 180mm, assurant une \u00e9tanch\u00e9it\u00e9 parfaite. Son isolation renforc\u00e9e emp\u00eache les pertes thermiques et prot\u00e8ge contre la condensation. Sa structure r\u00e9sistante garantit une long\u00e9vit\u00e9 maximale. Facile \u00e0 poser, il optimise l\u2019efficacit\u00e9 \u00e9nerg\u00e9tique des syst\u00e8mes de ventilation. Id\u00e9al pour une installation fiable et durable.<\/p>","protected":false},"excerpt":{"rendered":"<p>SOLIN ISOLE +COUVRE LEADAX POUR VENTILATION 180-200MM 10-55\u00b0 400472066<\/p>","protected":false},"featured_media":22371,"comment_status":"open","ping_status":"closed","template":"","meta":[],"product_brand":[],"product_cat":[2791,8840],"product_tag":[],"class_list":{"0":"post-14592","1":"product","2":"type-product","3":"status-publish","4":"has-post-thumbnail","6":"product_cat-accessoires-de-ventilation","7":"product_cat-test","9":"first","10":"instock","11":"sale","12":"taxable","13":"shipping-taxable","14":"purchasable","15":"product-type-simple"},"aioseo_notices":[],"_links":{"self":[{"href":"https:\/\/promochaudiere.be\/nl\/wp-json\/wp\/v2\/product\/14592","targetHints":{"allow":["GET"]}}],"collection":[{"href":"https:\/\/promochaudiere.be\/nl\/wp-json\/wp\/v2\/product"}],"about":[{"href":"https:\/\/promochaudiere.be\/nl\/wp-json\/wp\/v2\/types\/product"}],"replies":[{"embeddable":true,"href":"https:\/\/promochaudiere.be\/nl\/wp-json\/wp\/v2\/comments?post=14592"}],"version-history":[{"count":1,"href":"https:\/\/promochaudiere.be\/nl\/wp-json\/wp\/v2\/product\/14592\/revisions"}],"predecessor-version":[{"id":52986,"href":"https:\/\/promochaudiere.be\/nl\/wp-json\/wp\/v2\/product\/14592\/revisions\/52986"}],"wp:featuredmedia":[{"embeddable":true,"href":"https:\/\/promochaudiere.be\/nl\/wp-json\/wp\/v2\/media\/22371"}],"wp:attachment":[{"href":"https:\/\/promochaudiere.be\/nl\/wp-json\/wp\/v2\/media?parent=14592"}],"wp:term":[{"taxonomy":"product_brand","embeddable":true,"href":"https:\/\/promochaudiere.be\/nl\/wp-json\/wp\/v2\/product_brand?post=14592"},{"taxonomy":"product_cat","embeddable":true,"href":"https:\/\/promochaudiere.be\/nl\/wp-json\/wp\/v2\/product_cat?post=14592"},{"taxonomy":"product_tag","embeddable":true,"href":"https:\/\/promochaudiere.be\/nl\/wp-json\/wp\/v2\/product_tag?post=14592"}],"curies":[{"name":"wp","href":"https:\/\/api.w.org\/{rel}","templated":true}]}}