{"id":14593,"date":"2025-01-17T09:53:25","date_gmt":"2025-01-17T09:53:25","guid":{"rendered":"https:\/\/promochaudiere.be\/produit\/solin-isole-couvre-leadax-pour-ventilation-160mm-10-55-400472065\/"},"modified":"2026-02-03T18:15:30","modified_gmt":"2026-02-03T17:15:30","slug":"solin-isole-couvre-leadax-pour-ventilation-160mm-10-55-400472065","status":"publish","type":"product","link":"https:\/\/promochaudiere.be\/nl\/product\/solin-isole-couvre-leadax-pour-ventilation-160mm-10-55-400472065\/","title":{"rendered":"SOLIN ISOLE +COUVRE LEADAX POUR VENTILATION 160MM 10-55\u00b0 400472065"},"content":{"rendered":"<p>Ce solin isol\u00e9 avec couvre Leadax permet une \u00e9vacuation optimale des conduits de ventilation de 160mm. Il garantit une isolation thermique efficace, r\u00e9duisant ainsi les d\u00e9perditions d\u2019\u00e9nergie. Son mat\u00e9riau r\u00e9sistant assure une durabilit\u00e9 exceptionnelle. Facile \u00e0 installer, il s\u2019int\u00e8gre aux syst\u00e8mes de ventilation performants. Id\u00e9al pour une protection maximale contre les infiltrations et les variations climatiques.<\/p>","protected":false},"excerpt":{"rendered":"<p>SOLIN ISOLE +COUVRE LEADAX POUR VENTILATION 160MM 10-55\u00b0 400472065<\/p>","protected":false},"featured_media":22372,"comment_status":"open","ping_status":"closed","template":"","meta":[],"product_brand":[],"product_cat":[2791,8840],"product_tag":[],"class_list":{"0":"post-14593","1":"product","2":"type-product","3":"status-publish","4":"has-post-thumbnail","6":"product_cat-accessoires-de-ventilation","7":"product_cat-test","9":"first","10":"instock","11":"sale","12":"taxable","13":"shipping-taxable","14":"purchasable","15":"product-type-simple"},"aioseo_notices":[],"_links":{"self":[{"href":"https:\/\/promochaudiere.be\/nl\/wp-json\/wp\/v2\/product\/14593","targetHints":{"allow":["GET"]}}],"collection":[{"href":"https:\/\/promochaudiere.be\/nl\/wp-json\/wp\/v2\/product"}],"about":[{"href":"https:\/\/promochaudiere.be\/nl\/wp-json\/wp\/v2\/types\/product"}],"replies":[{"embeddable":true,"href":"https:\/\/promochaudiere.be\/nl\/wp-json\/wp\/v2\/comments?post=14593"}],"version-history":[{"count":1,"href":"https:\/\/promochaudiere.be\/nl\/wp-json\/wp\/v2\/product\/14593\/revisions"}],"predecessor-version":[{"id":52985,"href":"https:\/\/promochaudiere.be\/nl\/wp-json\/wp\/v2\/product\/14593\/revisions\/52985"}],"wp:featuredmedia":[{"embeddable":true,"href":"https:\/\/promochaudiere.be\/nl\/wp-json\/wp\/v2\/media\/22372"}],"wp:attachment":[{"href":"https:\/\/promochaudiere.be\/nl\/wp-json\/wp\/v2\/media?parent=14593"}],"wp:term":[{"taxonomy":"product_brand","embeddable":true,"href":"https:\/\/promochaudiere.be\/nl\/wp-json\/wp\/v2\/product_brand?post=14593"},{"taxonomy":"product_cat","embeddable":true,"href":"https:\/\/promochaudiere.be\/nl\/wp-json\/wp\/v2\/product_cat?post=14593"},{"taxonomy":"product_tag","embeddable":true,"href":"https:\/\/promochaudiere.be\/nl\/wp-json\/wp\/v2\/product_tag?post=14593"}],"curies":[{"name":"wp","href":"https:\/\/api.w.org\/{rel}","templated":true}]}}