{"id":14597,"date":"2025-01-17T09:53:27","date_gmt":"2025-01-17T09:53:27","guid":{"rendered":"https:\/\/promochaudiere.be\/produit\/honeywell-vanne-motorisee-3v-4-4-vc4613mp6000u\/"},"modified":"2026-02-03T18:15:29","modified_gmt":"2026-02-03T17:15:29","slug":"honeywell-vanne-motorisee-3v-4-4-vc4613mp6000u","status":"publish","type":"product","link":"https:\/\/promochaudiere.be\/nl\/product\/honeywell-vanne-motorisee-3v-4-4-vc4613mp6000u\/","title":{"rendered":"Honeywell vanne motoris\u00e9e 3V 4\/4 VC4613MP6000U"},"content":{"rendered":"<p>Cette vanne motoris\u00e9e Honeywell assure une r\u00e9gulation fluide du chauffage avec un contr\u00f4le pr\u00e9cis du d\u00e9bit d\u2019eau. Son moteur performant garantit une r\u00e9activit\u00e9 optimale aux ajustements de temp\u00e9rature. Son syst\u00e8me 3 voies permet une r\u00e9partition efficace de la chaleur. Fabriqu\u00e9e avec des mat\u00e9riaux r\u00e9sistants, elle assure une longue dur\u00e9e de vie. Compatible avec de nombreux syst\u00e8mes de chauffage central. Un composant indispensable pour un rendement \u00e9nerg\u00e9tique optimal.<\/p>","protected":false},"excerpt":{"rendered":"<p>Honeywell vanne motoris\u00e9e 3V 4\/4 VC4613MP6000U<\/p>","protected":false},"featured_media":22557,"comment_status":"open","ping_status":"closed","template":"","meta":[],"product_brand":[],"product_cat":[8840,5519],"product_tag":[],"class_list":{"0":"post-14597","1":"product","2":"type-product","3":"status-publish","4":"has-post-thumbnail","6":"product_cat-test","7":"product_cat-vanne","8":"pa_marque-honeywell","10":"first","11":"instock","12":"sale","13":"taxable","14":"shipping-taxable","15":"purchasable","16":"product-type-simple"},"aioseo_notices":[],"_links":{"self":[{"href":"https:\/\/promochaudiere.be\/nl\/wp-json\/wp\/v2\/product\/14597","targetHints":{"allow":["GET"]}}],"collection":[{"href":"https:\/\/promochaudiere.be\/nl\/wp-json\/wp\/v2\/product"}],"about":[{"href":"https:\/\/promochaudiere.be\/nl\/wp-json\/wp\/v2\/types\/product"}],"replies":[{"embeddable":true,"href":"https:\/\/promochaudiere.be\/nl\/wp-json\/wp\/v2\/comments?post=14597"}],"version-history":[{"count":1,"href":"https:\/\/promochaudiere.be\/nl\/wp-json\/wp\/v2\/product\/14597\/revisions"}],"predecessor-version":[{"id":45497,"href":"https:\/\/promochaudiere.be\/nl\/wp-json\/wp\/v2\/product\/14597\/revisions\/45497"}],"wp:featuredmedia":[{"embeddable":true,"href":"https:\/\/promochaudiere.be\/nl\/wp-json\/wp\/v2\/media\/22557"}],"wp:attachment":[{"href":"https:\/\/promochaudiere.be\/nl\/wp-json\/wp\/v2\/media?parent=14597"}],"wp:term":[{"taxonomy":"product_brand","embeddable":true,"href":"https:\/\/promochaudiere.be\/nl\/wp-json\/wp\/v2\/product_brand?post=14597"},{"taxonomy":"product_cat","embeddable":true,"href":"https:\/\/promochaudiere.be\/nl\/wp-json\/wp\/v2\/product_cat?post=14597"},{"taxonomy":"product_tag","embeddable":true,"href":"https:\/\/promochaudiere.be\/nl\/wp-json\/wp\/v2\/product_tag?post=14597"}],"curies":[{"name":"wp","href":"https:\/\/api.w.org\/{rel}","templated":true}]}}