{"id":14598,"date":"2025-01-17T09:53:28","date_gmt":"2025-01-17T09:53:28","guid":{"rendered":"https:\/\/promochaudiere.be\/produit\/caleffi-vanne-melangeuse-thermostatique-solar-3-4-30-65-252150\/"},"modified":"2026-02-03T19:40:02","modified_gmt":"2026-02-03T18:40:02","slug":"caleffi-vanne-melangeuse-thermostatique-solar-3-4-30-65-252150","status":"publish","type":"product","link":"https:\/\/promochaudiere.be\/nl\/product\/caleffi-vanne-melangeuse-thermostatique-solar-3-4-30-65-252150\/","title":{"rendered":"Caleffi vanne melangeuse thermostatique solar  3\/4 30-65\u00b0 252150"},"content":{"rendered":"<p>Cette vanne m\u00e9langeuse Caleffi est con\u00e7ue pour r\u00e9guler la temp\u00e9rature de l\u2019eau dans les installations solaires thermiques. Elle assure un contr\u00f4le pr\u00e9cis pour \u00e9viter les risques de br\u00fblures et garantir un confort optimal.<\/p>","protected":false},"excerpt":{"rendered":"<p>Caleffi vanne melangeuse thermostatique solar  3\/4 30-65\u00b0 252150<\/p>","protected":false},"featured_media":21997,"comment_status":"open","ping_status":"closed","template":"","meta":[],"product_brand":[],"product_cat":[8840,5519],"product_tag":[],"class_list":{"0":"post-14598","1":"product","2":"type-product","3":"status-publish","4":"has-post-thumbnail","6":"product_cat-test","7":"product_cat-vanne","8":"pa_marque-caleffi","10":"first","11":"instock","12":"sale","13":"taxable","14":"shipping-taxable","15":"purchasable","16":"product-type-simple"},"aioseo_notices":[],"_links":{"self":[{"href":"https:\/\/promochaudiere.be\/nl\/wp-json\/wp\/v2\/product\/14598","targetHints":{"allow":["GET"]}}],"collection":[{"href":"https:\/\/promochaudiere.be\/nl\/wp-json\/wp\/v2\/product"}],"about":[{"href":"https:\/\/promochaudiere.be\/nl\/wp-json\/wp\/v2\/types\/product"}],"replies":[{"embeddable":true,"href":"https:\/\/promochaudiere.be\/nl\/wp-json\/wp\/v2\/comments?post=14598"}],"version-history":[{"count":1,"href":"https:\/\/promochaudiere.be\/nl\/wp-json\/wp\/v2\/product\/14598\/revisions"}],"predecessor-version":[{"id":45494,"href":"https:\/\/promochaudiere.be\/nl\/wp-json\/wp\/v2\/product\/14598\/revisions\/45494"}],"wp:featuredmedia":[{"embeddable":true,"href":"https:\/\/promochaudiere.be\/nl\/wp-json\/wp\/v2\/media\/21997"}],"wp:attachment":[{"href":"https:\/\/promochaudiere.be\/nl\/wp-json\/wp\/v2\/media?parent=14598"}],"wp:term":[{"taxonomy":"product_brand","embeddable":true,"href":"https:\/\/promochaudiere.be\/nl\/wp-json\/wp\/v2\/product_brand?post=14598"},{"taxonomy":"product_cat","embeddable":true,"href":"https:\/\/promochaudiere.be\/nl\/wp-json\/wp\/v2\/product_cat?post=14598"},{"taxonomy":"product_tag","embeddable":true,"href":"https:\/\/promochaudiere.be\/nl\/wp-json\/wp\/v2\/product_tag?post=14598"}],"curies":[{"name":"wp","href":"https:\/\/api.w.org\/{rel}","templated":true}]}}