{"id":14601,"date":"2025-01-17T09:53:29","date_gmt":"2025-01-17T09:53:29","guid":{"rendered":"https:\/\/promochaudiere.be\/produit\/honeywell-thermostat-digitale-intelligent-lyric-t6-blanc-erp-classe-v-3-y6h910wf4032\/"},"modified":"2026-02-03T19:40:03","modified_gmt":"2026-02-03T18:40:03","slug":"honeywell-thermostat-digitale-intelligent-lyric-t6-blanc-erp-classe-v-3-y6h910wf4032","status":"publish","type":"product","link":"https:\/\/promochaudiere.be\/nl\/product\/honeywell-thermostat-digitale-intelligent-lyric-t6-blanc-erp-classe-v-3-y6h910wf4032\/","title":{"rendered":"HONEYWELL THERMOSTAT DIGITALE INTELLIGENT LYRIC T6 BLANC ERP CLASSE V (3%) Y6H910WF4032"},"content":{"rendered":"<p>Le thermostat Lyric T6 de Honeywell est un dispositif intelligent qui permet de contr\u00f4ler le chauffage \u00e0 distance via une application mobile. Gr\u00e2ce \u00e0 son mode g\u00e9olocalisation, il ajuste automatiquement la temp\u00e9rature selon la pr\u00e9sence des occupants. Son \u00e9cran tactile moderne facilite les r\u00e9glages et la programmation. Compatible avec les chaudi\u00e8res et pompes \u00e0 chaleur, il optimise l\u2019efficacit\u00e9 \u00e9nerg\u00e9tique. Id\u00e9al pour un confort personnalis\u00e9 et une gestion intelligente du chauffage. Un thermostat connect\u00e9 con\u00e7u pour les maisons modernes.<\/p>","protected":false},"excerpt":{"rendered":"<p>HONEYWELL THERMOSTAT DIGITALE INTELLIGENT LYRIC T6 BLANC ERP CLASSE V (3%) Y6H910WF4032<\/p>","protected":false},"featured_media":22571,"comment_status":"open","ping_status":"closed","template":"","meta":[],"product_brand":[],"product_cat":[8840,530],"product_tag":[],"class_list":{"0":"post-14601","1":"product","2":"type-product","3":"status-publish","4":"has-post-thumbnail","6":"product_cat-test","7":"product_cat-thermostat-honeywell","8":"pa_marque-honeywell","10":"first","11":"instock","12":"sale","13":"taxable","14":"shipping-taxable","15":"purchasable","16":"product-type-simple"},"aioseo_notices":[],"_links":{"self":[{"href":"https:\/\/promochaudiere.be\/nl\/wp-json\/wp\/v2\/product\/14601","targetHints":{"allow":["GET"]}}],"collection":[{"href":"https:\/\/promochaudiere.be\/nl\/wp-json\/wp\/v2\/product"}],"about":[{"href":"https:\/\/promochaudiere.be\/nl\/wp-json\/wp\/v2\/types\/product"}],"replies":[{"embeddable":true,"href":"https:\/\/promochaudiere.be\/nl\/wp-json\/wp\/v2\/comments?post=14601"}],"version-history":[{"count":1,"href":"https:\/\/promochaudiere.be\/nl\/wp-json\/wp\/v2\/product\/14601\/revisions"}],"predecessor-version":[{"id":45492,"href":"https:\/\/promochaudiere.be\/nl\/wp-json\/wp\/v2\/product\/14601\/revisions\/45492"}],"wp:featuredmedia":[{"embeddable":true,"href":"https:\/\/promochaudiere.be\/nl\/wp-json\/wp\/v2\/media\/22571"}],"wp:attachment":[{"href":"https:\/\/promochaudiere.be\/nl\/wp-json\/wp\/v2\/media?parent=14601"}],"wp:term":[{"taxonomy":"product_brand","embeddable":true,"href":"https:\/\/promochaudiere.be\/nl\/wp-json\/wp\/v2\/product_brand?post=14601"},{"taxonomy":"product_cat","embeddable":true,"href":"https:\/\/promochaudiere.be\/nl\/wp-json\/wp\/v2\/product_cat?post=14601"},{"taxonomy":"product_tag","embeddable":true,"href":"https:\/\/promochaudiere.be\/nl\/wp-json\/wp\/v2\/product_tag?post=14601"}],"curies":[{"name":"wp","href":"https:\/\/api.w.org\/{rel}","templated":true}]}}