{"id":14602,"date":"2025-01-17T09:53:29","date_gmt":"2025-01-17T09:53:29","guid":{"rendered":"https:\/\/promochaudiere.be\/produit\/honeywell-thermostat-lyric-t6-intelligent-wifi-y6h810wf1005\/"},"modified":"2026-02-03T19:40:04","modified_gmt":"2026-02-03T18:40:04","slug":"honeywell-thermostat-lyric-t6-intelligent-wifi-y6h810wf1005","status":"publish","type":"product","link":"https:\/\/promochaudiere.be\/nl\/product\/honeywell-thermostat-lyric-t6-intelligent-wifi-y6h810wf1005\/","title":{"rendered":"Honeywell Thermostat lyric T6 intelligent wifi Y6H810WF1005"},"content":{"rendered":"<p>Ce thermostat intelligent Honeywell Lyric T6 permet une gestion \u00e0 distance via une application mobile et une compatibilit\u00e9 avec les assistants vocaux. Il adapte automatiquement la temp\u00e9rature en fonction des habitudes de l\u2019utilisateur. Son \u00e9cran tactile facilite la programmation et les ajustements en temps r\u00e9el. Compatible avec la plupart des syst\u00e8mes de chauffage, il am\u00e9liore l\u2019efficacit\u00e9 \u00e9nerg\u00e9tique. Id\u00e9al pour un confort thermique optimis\u00e9 et une consommation r\u00e9duite. Un choix moderne pour une maison connect\u00e9e.<\/p>","protected":false},"excerpt":{"rendered":"<p>Honeywell Thermostat lyric T6 intelligent wifi Y6H810WF1005<\/p>","protected":false},"featured_media":22381,"comment_status":"open","ping_status":"closed","template":"","meta":[],"product_brand":[],"product_cat":[8840,530],"product_tag":[],"class_list":{"0":"post-14602","1":"product","2":"type-product","3":"status-publish","4":"has-post-thumbnail","6":"product_cat-test","7":"product_cat-thermostat-honeywell","8":"pa_marque-honeywell","10":"first","11":"instock","12":"sale","13":"taxable","14":"shipping-taxable","15":"purchasable","16":"product-type-simple"},"aioseo_notices":[],"_links":{"self":[{"href":"https:\/\/promochaudiere.be\/nl\/wp-json\/wp\/v2\/product\/14602","targetHints":{"allow":["GET"]}}],"collection":[{"href":"https:\/\/promochaudiere.be\/nl\/wp-json\/wp\/v2\/product"}],"about":[{"href":"https:\/\/promochaudiere.be\/nl\/wp-json\/wp\/v2\/types\/product"}],"replies":[{"embeddable":true,"href":"https:\/\/promochaudiere.be\/nl\/wp-json\/wp\/v2\/comments?post=14602"}],"version-history":[{"count":1,"href":"https:\/\/promochaudiere.be\/nl\/wp-json\/wp\/v2\/product\/14602\/revisions"}],"predecessor-version":[{"id":45493,"href":"https:\/\/promochaudiere.be\/nl\/wp-json\/wp\/v2\/product\/14602\/revisions\/45493"}],"wp:featuredmedia":[{"embeddable":true,"href":"https:\/\/promochaudiere.be\/nl\/wp-json\/wp\/v2\/media\/22381"}],"wp:attachment":[{"href":"https:\/\/promochaudiere.be\/nl\/wp-json\/wp\/v2\/media?parent=14602"}],"wp:term":[{"taxonomy":"product_brand","embeddable":true,"href":"https:\/\/promochaudiere.be\/nl\/wp-json\/wp\/v2\/product_brand?post=14602"},{"taxonomy":"product_cat","embeddable":true,"href":"https:\/\/promochaudiere.be\/nl\/wp-json\/wp\/v2\/product_cat?post=14602"},{"taxonomy":"product_tag","embeddable":true,"href":"https:\/\/promochaudiere.be\/nl\/wp-json\/wp\/v2\/product_tag?post=14602"}],"curies":[{"name":"wp","href":"https:\/\/api.w.org\/{rel}","templated":true}]}}