{"id":14604,"date":"2025-01-17T09:53:30","date_gmt":"2025-01-17T09:53:30","guid":{"rendered":"https:\/\/promochaudiere.be\/produit\/dab-pompe-vide-cave-de-serie-nova-200m-na-60194402h\/"},"modified":"2026-02-03T19:40:01","modified_gmt":"2026-02-03T18:40:01","slug":"dab-pompe-vide-cave-de-serie-nova-200m-na-60194402h","status":"publish","type":"product","link":"https:\/\/promochaudiere.be\/nl\/product\/dab-pompe-vide-cave-de-serie-nova-200m-na-60194402h\/","title":{"rendered":"DAB pompe vide-cave de s\u00e9rie Nova 200m-na 60194402H"},"content":{"rendered":"<p>Ce mod\u00e8le Nova 200M-NA est adapt\u00e9 aux espaces r\u00e9duits et assure un drainage rapide des eaux us\u00e9es. Son moteur performant garantit une longue dur\u00e9e de vie.<\/p>","protected":false},"excerpt":{"rendered":"<p>DAB pompe vide-cave de s\u00e9rie Nova 200m-na 60194402H<\/p>","protected":false},"featured_media":21791,"comment_status":"open","ping_status":"closed","template":"","meta":[],"product_brand":[],"product_cat":[706,8840],"product_tag":[],"class_list":{"0":"post-14604","1":"product","2":"type-product","3":"status-publish","4":"has-post-thumbnail","6":"product_cat-pompe-hydrophore","7":"product_cat-test","8":"pa_marque-dab","10":"first","11":"instock","12":"sale","13":"taxable","14":"shipping-taxable","15":"purchasable","16":"product-type-simple"},"aioseo_notices":[],"_links":{"self":[{"href":"https:\/\/promochaudiere.be\/nl\/wp-json\/wp\/v2\/product\/14604","targetHints":{"allow":["GET"]}}],"collection":[{"href":"https:\/\/promochaudiere.be\/nl\/wp-json\/wp\/v2\/product"}],"about":[{"href":"https:\/\/promochaudiere.be\/nl\/wp-json\/wp\/v2\/types\/product"}],"replies":[{"embeddable":true,"href":"https:\/\/promochaudiere.be\/nl\/wp-json\/wp\/v2\/comments?post=14604"}],"version-history":[{"count":1,"href":"https:\/\/promochaudiere.be\/nl\/wp-json\/wp\/v2\/product\/14604\/revisions"}],"predecessor-version":[{"id":45489,"href":"https:\/\/promochaudiere.be\/nl\/wp-json\/wp\/v2\/product\/14604\/revisions\/45489"}],"wp:featuredmedia":[{"embeddable":true,"href":"https:\/\/promochaudiere.be\/nl\/wp-json\/wp\/v2\/media\/21791"}],"wp:attachment":[{"href":"https:\/\/promochaudiere.be\/nl\/wp-json\/wp\/v2\/media?parent=14604"}],"wp:term":[{"taxonomy":"product_brand","embeddable":true,"href":"https:\/\/promochaudiere.be\/nl\/wp-json\/wp\/v2\/product_brand?post=14604"},{"taxonomy":"product_cat","embeddable":true,"href":"https:\/\/promochaudiere.be\/nl\/wp-json\/wp\/v2\/product_cat?post=14604"},{"taxonomy":"product_tag","embeddable":true,"href":"https:\/\/promochaudiere.be\/nl\/wp-json\/wp\/v2\/product_tag?post=14604"}],"curies":[{"name":"wp","href":"https:\/\/api.w.org\/{rel}","templated":true}]}}