{"id":14605,"date":"2025-01-17T09:53:30","date_gmt":"2025-01-17T09:53:30","guid":{"rendered":"https:\/\/promochaudiere.be\/produit\/heatpex-connect-flexible-de-ventilation-rouleau-50m-75mm-52007505000w\/"},"modified":"2026-02-03T18:15:30","modified_gmt":"2026-02-03T17:15:30","slug":"heatpex-connect-flexible-de-ventilation-rouleau-50m-75mm-52007505000w","status":"publish","type":"product","link":"https:\/\/promochaudiere.be\/product\/heatpex-connect-flexible-de-ventilation-rouleau-50m-75mm-52007505000w\/","title":{"rendered":"HEATPEX CONNECT FLEXIBLE DE VENTILATION ROULEAU 50M 75MM 52007505000W"},"content":{"rendered":"<p>Ce conduit flexible assure une distribution fluide et homog\u00e8ne de l\u2019air dans les syst\u00e8mes de ventilation. Son mat\u00e9riau r\u00e9sistant garantit une longue dur\u00e9e de vie et une installation simplifi\u00e9e. Il offre une excellente flexibilit\u00e9 pour s\u2019adapter aux configurations complexes. Il assure une isolation efficace pour minimiser les pertes thermiques. Son format en rouleau de 50m permet une utilisation optimale. Un \u00e9l\u00e9ment cl\u00e9 pour une a\u00e9ration performante et \u00e9conomique.<\/p>","protected":false},"excerpt":{"rendered":"<p>HEATPEX CONNECT FLEXIBLE DE VENTILATION ROULEAU 50M 75MM 52007505000W<\/p>","protected":false},"featured_media":22133,"comment_status":"open","ping_status":"closed","template":"","meta":[],"product_brand":[],"product_cat":[8840,10947],"product_tag":[],"class_list":{"0":"post-14605","1":"product","2":"type-product","3":"status-publish","4":"has-post-thumbnail","6":"product_cat-test","7":"product_cat-ventilation-heatpex","8":"pa_marque-heatpex","10":"first","11":"instock","12":"sale","13":"taxable","14":"shipping-taxable","15":"purchasable","16":"product-type-simple"},"aioseo_notices":[],"_links":{"self":[{"href":"https:\/\/promochaudiere.be\/nl\/wp-json\/wp\/v2\/product\/14605","targetHints":{"allow":["GET"]}}],"collection":[{"href":"https:\/\/promochaudiere.be\/nl\/wp-json\/wp\/v2\/product"}],"about":[{"href":"https:\/\/promochaudiere.be\/nl\/wp-json\/wp\/v2\/types\/product"}],"replies":[{"embeddable":true,"href":"https:\/\/promochaudiere.be\/nl\/wp-json\/wp\/v2\/comments?post=14605"}],"version-history":[{"count":1,"href":"https:\/\/promochaudiere.be\/nl\/wp-json\/wp\/v2\/product\/14605\/revisions"}],"predecessor-version":[{"id":45490,"href":"https:\/\/promochaudiere.be\/nl\/wp-json\/wp\/v2\/product\/14605\/revisions\/45490"}],"wp:featuredmedia":[{"embeddable":true,"href":"https:\/\/promochaudiere.be\/nl\/wp-json\/wp\/v2\/media\/22133"}],"wp:attachment":[{"href":"https:\/\/promochaudiere.be\/nl\/wp-json\/wp\/v2\/media?parent=14605"}],"wp:term":[{"taxonomy":"product_brand","embeddable":true,"href":"https:\/\/promochaudiere.be\/nl\/wp-json\/wp\/v2\/product_brand?post=14605"},{"taxonomy":"product_cat","embeddable":true,"href":"https:\/\/promochaudiere.be\/nl\/wp-json\/wp\/v2\/product_cat?post=14605"},{"taxonomy":"product_tag","embeddable":true,"href":"https:\/\/promochaudiere.be\/nl\/wp-json\/wp\/v2\/product_tag?post=14605"}],"curies":[{"name":"wp","href":"https:\/\/api.w.org\/{rel}","templated":true}]}}