{"id":14609,"date":"2025-01-17T09:53:32","date_gmt":"2025-01-17T09:53:32","guid":{"rendered":"https:\/\/promochaudiere.be\/produit\/vaillant-regulateur-vrc-470-0020184593\/"},"modified":"2026-02-03T18:15:31","modified_gmt":"2026-02-03T17:15:31","slug":"vaillant-regulateur-vrc-470-0020184593","status":"publish","type":"product","link":"https:\/\/promochaudiere.be\/nl\/product\/vaillant-regulateur-vrc-470-0020184593\/","title":{"rendered":"Vaillant R\u00e9gulateur, VRC 470 0020184593"},"content":{"rendered":"<p>Ce r\u00e9gulateur Vaillant VRC 470 permet un contr\u00f4le intelligent de la temp\u00e9rature en fonction des conditions climatiques ext\u00e9rieures. Il ajuste automatiquement la puissance de la chaudi\u00e8re pour un confort thermique optimal. Facile \u00e0 programmer, il offre une gestion pr\u00e9cise du chauffage. Compatible avec plusieurs mod\u00e8les Vaillant, il am\u00e9liore l\u2019efficacit\u00e9 \u00e9nerg\u00e9tique. Un accessoire id\u00e9al pour une maison connect\u00e9e.<\/p>","protected":false},"excerpt":{"rendered":"<p>Vaillant R\u00e9gulateur, VRC 470 0020184593<\/p>","protected":false},"featured_media":21824,"comment_status":"open","ping_status":"closed","template":"","meta":[],"product_brand":[],"product_cat":[8917,8840],"product_tag":[],"class_list":{"0":"post-14609","1":"product","2":"type-product","3":"status-publish","4":"has-post-thumbnail","6":"product_cat-pieces-detachees-vaillant","7":"product_cat-test","8":"pa_marque-vaillant","10":"first","11":"instock","12":"sale","13":"taxable","14":"shipping-taxable","15":"purchasable","16":"product-type-simple"},"aioseo_notices":[],"_links":{"self":[{"href":"https:\/\/promochaudiere.be\/nl\/wp-json\/wp\/v2\/product\/14609","targetHints":{"allow":["GET"]}}],"collection":[{"href":"https:\/\/promochaudiere.be\/nl\/wp-json\/wp\/v2\/product"}],"about":[{"href":"https:\/\/promochaudiere.be\/nl\/wp-json\/wp\/v2\/types\/product"}],"replies":[{"embeddable":true,"href":"https:\/\/promochaudiere.be\/nl\/wp-json\/wp\/v2\/comments?post=14609"}],"version-history":[{"count":1,"href":"https:\/\/promochaudiere.be\/nl\/wp-json\/wp\/v2\/product\/14609\/revisions"}],"predecessor-version":[{"id":52984,"href":"https:\/\/promochaudiere.be\/nl\/wp-json\/wp\/v2\/product\/14609\/revisions\/52984"}],"wp:featuredmedia":[{"embeddable":true,"href":"https:\/\/promochaudiere.be\/nl\/wp-json\/wp\/v2\/media\/21824"}],"wp:attachment":[{"href":"https:\/\/promochaudiere.be\/nl\/wp-json\/wp\/v2\/media?parent=14609"}],"wp:term":[{"taxonomy":"product_brand","embeddable":true,"href":"https:\/\/promochaudiere.be\/nl\/wp-json\/wp\/v2\/product_brand?post=14609"},{"taxonomy":"product_cat","embeddable":true,"href":"https:\/\/promochaudiere.be\/nl\/wp-json\/wp\/v2\/product_cat?post=14609"},{"taxonomy":"product_tag","embeddable":true,"href":"https:\/\/promochaudiere.be\/nl\/wp-json\/wp\/v2\/product_tag?post=14609"}],"curies":[{"name":"wp","href":"https:\/\/api.w.org\/{rel}","templated":true}]}}