{"id":14611,"date":"2025-01-17T09:53:33","date_gmt":"2025-01-17T09:53:33","guid":{"rendered":"https:\/\/promochaudiere.be\/produit\/vaillant-echangeur-sanitaire-a-plaques-de-12-places-vuw-plus-pro-065088\/"},"modified":"2026-02-03T18:15:31","modified_gmt":"2026-02-03T17:15:31","slug":"vaillant-echangeur-sanitaire-a-plaques-de-12-places-vuw-plus-pro-065088","status":"publish","type":"product","link":"https:\/\/promochaudiere.be\/nl\/product\/vaillant-echangeur-sanitaire-a-plaques-de-12-places-vuw-plus-pro-065088\/","title":{"rendered":"Vaillant \u00e9changeur sanitaire \u00e0 plaques de 12 places VUW Plus Pro  065088"},"content":{"rendered":"<p>Cet \u00e9changeur sanitaire Vaillant \u00e0 12 plaques est con\u00e7u pour am\u00e9liorer la production d\u2019eau chaude. Il assure un transfert thermique efficace tout en r\u00e9duisant la consommation d\u2019\u00e9nergie. Sa conception en acier inoxydable garantit une excellente durabilit\u00e9. Facile \u00e0 remplacer, il optimise le rendement thermique.<\/p>","protected":false},"excerpt":{"rendered":"<p>Vaillant \u00e9changeur sanitaire \u00e0 plaques de 12 places VUW Plus Pro  065088<\/p>","protected":false},"featured_media":21886,"comment_status":"open","ping_status":"closed","template":"","meta":[],"product_brand":[],"product_cat":[8917,8840],"product_tag":[],"class_list":{"0":"post-14611","1":"product","2":"type-product","3":"status-publish","4":"has-post-thumbnail","6":"product_cat-pieces-detachees-vaillant","7":"product_cat-test","8":"pa_marque-vaillant","10":"first","11":"instock","12":"sale","13":"taxable","14":"shipping-taxable","15":"purchasable","16":"product-type-simple"},"aioseo_notices":[],"_links":{"self":[{"href":"https:\/\/promochaudiere.be\/nl\/wp-json\/wp\/v2\/product\/14611","targetHints":{"allow":["GET"]}}],"collection":[{"href":"https:\/\/promochaudiere.be\/nl\/wp-json\/wp\/v2\/product"}],"about":[{"href":"https:\/\/promochaudiere.be\/nl\/wp-json\/wp\/v2\/types\/product"}],"replies":[{"embeddable":true,"href":"https:\/\/promochaudiere.be\/nl\/wp-json\/wp\/v2\/comments?post=14611"}],"version-history":[{"count":1,"href":"https:\/\/promochaudiere.be\/nl\/wp-json\/wp\/v2\/product\/14611\/revisions"}],"predecessor-version":[{"id":52982,"href":"https:\/\/promochaudiere.be\/nl\/wp-json\/wp\/v2\/product\/14611\/revisions\/52982"}],"wp:featuredmedia":[{"embeddable":true,"href":"https:\/\/promochaudiere.be\/nl\/wp-json\/wp\/v2\/media\/21886"}],"wp:attachment":[{"href":"https:\/\/promochaudiere.be\/nl\/wp-json\/wp\/v2\/media?parent=14611"}],"wp:term":[{"taxonomy":"product_brand","embeddable":true,"href":"https:\/\/promochaudiere.be\/nl\/wp-json\/wp\/v2\/product_brand?post=14611"},{"taxonomy":"product_cat","embeddable":true,"href":"https:\/\/promochaudiere.be\/nl\/wp-json\/wp\/v2\/product_cat?post=14611"},{"taxonomy":"product_tag","embeddable":true,"href":"https:\/\/promochaudiere.be\/nl\/wp-json\/wp\/v2\/product_tag?post=14611"}],"curies":[{"name":"wp","href":"https:\/\/api.w.org\/{rel}","templated":true}]}}