{"id":14619,"date":"2025-01-17T09:53:35","date_gmt":"2025-01-17T09:53:35","guid":{"rendered":"https:\/\/promochaudiere.be\/produit\/honeywell-round-connected-wireless-on-off-y87rfc2032\/"},"modified":"2026-02-03T19:40:03","modified_gmt":"2026-02-03T18:40:03","slug":"honeywell-round-connected-wireless-on-off-y87rfc2032","status":"publish","type":"product","link":"https:\/\/promochaudiere.be\/nl\/product\/honeywell-round-connected-wireless-on-off-y87rfc2032\/","title":{"rendered":"Honeywell Round Connected wireless on\/off Y87RFC2032"},"content":{"rendered":"<p>Ce thermostat connect\u00e9 sans fil Honeywell offre un contr\u00f4le intelligent du chauffage. Il permet un r\u00e9glage pr\u00e9cis de la temp\u00e9rature via une interface intuitive. Compatible avec les syst\u00e8mes On\/Off, il optimise la consommation d\u2019\u00e9nergie. Son installation simple garantit une gestion thermique efficace. Id\u00e9al pour une maison connect\u00e9e et un confort personnalis\u00e9.<\/p>","protected":false},"excerpt":{"rendered":"<p>Honeywell Round Connected wireless on\/off Y87RFC2032<\/p>","protected":false},"featured_media":22582,"comment_status":"open","ping_status":"closed","template":"","meta":[],"product_brand":[],"product_cat":[8840,530],"product_tag":[],"class_list":{"0":"post-14619","1":"product","2":"type-product","3":"status-publish","4":"has-post-thumbnail","6":"product_cat-test","7":"product_cat-thermostat-honeywell","8":"pa_marque-honeywell","10":"first","11":"instock","12":"sale","13":"taxable","14":"shipping-taxable","15":"purchasable","16":"product-type-simple"},"aioseo_notices":[],"_links":{"self":[{"href":"https:\/\/promochaudiere.be\/nl\/wp-json\/wp\/v2\/product\/14619","targetHints":{"allow":["GET"]}}],"collection":[{"href":"https:\/\/promochaudiere.be\/nl\/wp-json\/wp\/v2\/product"}],"about":[{"href":"https:\/\/promochaudiere.be\/nl\/wp-json\/wp\/v2\/types\/product"}],"replies":[{"embeddable":true,"href":"https:\/\/promochaudiere.be\/nl\/wp-json\/wp\/v2\/comments?post=14619"}],"version-history":[{"count":1,"href":"https:\/\/promochaudiere.be\/nl\/wp-json\/wp\/v2\/product\/14619\/revisions"}],"predecessor-version":[{"id":45484,"href":"https:\/\/promochaudiere.be\/nl\/wp-json\/wp\/v2\/product\/14619\/revisions\/45484"}],"wp:featuredmedia":[{"embeddable":true,"href":"https:\/\/promochaudiere.be\/nl\/wp-json\/wp\/v2\/media\/22582"}],"wp:attachment":[{"href":"https:\/\/promochaudiere.be\/nl\/wp-json\/wp\/v2\/media?parent=14619"}],"wp:term":[{"taxonomy":"product_brand","embeddable":true,"href":"https:\/\/promochaudiere.be\/nl\/wp-json\/wp\/v2\/product_brand?post=14619"},{"taxonomy":"product_cat","embeddable":true,"href":"https:\/\/promochaudiere.be\/nl\/wp-json\/wp\/v2\/product_cat?post=14619"},{"taxonomy":"product_tag","embeddable":true,"href":"https:\/\/promochaudiere.be\/nl\/wp-json\/wp\/v2\/product_tag?post=14619"}],"curies":[{"name":"wp","href":"https:\/\/api.w.org\/{rel}","templated":true}]}}