{"id":14622,"date":"2025-01-17T09:53:36","date_gmt":"2025-01-17T09:53:36","guid":{"rendered":"https:\/\/promochaudiere.be\/produit\/meibes-actionneur-230v-m66341\/"},"modified":"2026-02-03T19:40:01","modified_gmt":"2026-02-03T18:40:01","slug":"meibes-actionneur-230v-m66341","status":"publish","type":"product","link":"https:\/\/promochaudiere.be\/nl\/product\/meibes-actionneur-230v-m66341\/","title":{"rendered":"MEIBES ACTIONNEUR 230V M66341"},"content":{"rendered":"<p>Cet actionneur Meibes est con\u00e7u pour automatiser l\u2019ouverture et la fermeture des vannes de chauffage. Fonctionnant sous 230V, il assure une r\u00e9gulation pr\u00e9cise du d\u00e9bit d\u2019eau. Son moteur performant garantit une long\u00e9vit\u00e9 accrue et une consommation \u00e9nerg\u00e9tique ma\u00eetris\u00e9e. Facile \u00e0 poser, il s\u2019int\u00e8gre aux syst\u00e8mes de r\u00e9gulation existants. Id\u00e9al pour une gestion thermique optimis\u00e9e.<\/p>","protected":false},"excerpt":{"rendered":"<p>MEIBES ACTIONNEUR 230V M66341<\/p>","protected":false},"featured_media":22597,"comment_status":"open","ping_status":"closed","template":"","meta":[],"product_brand":[],"product_cat":[5541,8840],"product_tag":[],"class_list":{"0":"post-14622","1":"product","2":"type-product","3":"status-publish","4":"has-post-thumbnail","6":"product_cat-groupe-de-pompe","7":"product_cat-test","8":"pa_marque-meibes","10":"first","11":"instock","12":"sale","13":"taxable","14":"shipping-taxable","15":"purchasable","16":"product-type-simple"},"aioseo_notices":[],"_links":{"self":[{"href":"https:\/\/promochaudiere.be\/nl\/wp-json\/wp\/v2\/product\/14622","targetHints":{"allow":["GET"]}}],"collection":[{"href":"https:\/\/promochaudiere.be\/nl\/wp-json\/wp\/v2\/product"}],"about":[{"href":"https:\/\/promochaudiere.be\/nl\/wp-json\/wp\/v2\/types\/product"}],"replies":[{"embeddable":true,"href":"https:\/\/promochaudiere.be\/nl\/wp-json\/wp\/v2\/comments?post=14622"}],"version-history":[{"count":1,"href":"https:\/\/promochaudiere.be\/nl\/wp-json\/wp\/v2\/product\/14622\/revisions"}],"predecessor-version":[{"id":45482,"href":"https:\/\/promochaudiere.be\/nl\/wp-json\/wp\/v2\/product\/14622\/revisions\/45482"}],"wp:featuredmedia":[{"embeddable":true,"href":"https:\/\/promochaudiere.be\/nl\/wp-json\/wp\/v2\/media\/22597"}],"wp:attachment":[{"href":"https:\/\/promochaudiere.be\/nl\/wp-json\/wp\/v2\/media?parent=14622"}],"wp:term":[{"taxonomy":"product_brand","embeddable":true,"href":"https:\/\/promochaudiere.be\/nl\/wp-json\/wp\/v2\/product_brand?post=14622"},{"taxonomy":"product_cat","embeddable":true,"href":"https:\/\/promochaudiere.be\/nl\/wp-json\/wp\/v2\/product_cat?post=14622"},{"taxonomy":"product_tag","embeddable":true,"href":"https:\/\/promochaudiere.be\/nl\/wp-json\/wp\/v2\/product_tag?post=14622"}],"curies":[{"name":"wp","href":"https:\/\/api.w.org\/{rel}","templated":true}]}}