{"id":14626,"date":"2025-01-17T09:53:39","date_gmt":"2025-01-17T09:53:39","guid":{"rendered":"https:\/\/promochaudiere.be\/produit\/soler-palau-ventilateur-pour-salle-de-bains-plus-timer-silent-100-crz-5210401500\/"},"modified":"2026-02-03T19:40:02","modified_gmt":"2026-02-03T18:40:02","slug":"soler-palau-ventilateur-pour-salle-de-bains-plus-timer-silent-100-crz-5210401500","status":"publish","type":"product","link":"https:\/\/promochaudiere.be\/product\/soler-palau-ventilateur-pour-salle-de-bains-plus-timer-silent-100-crz-5210401500\/","title":{"rendered":"SOLER &#038; PALAU VENTILATEUR POUR SALLE DE BAINS plus TIMER SILENT-100 CRZ 5210401500"},"content":{"rendered":"<p>Ce ventilateur Soler &#038; Palau de 150mm assure une extraction d\u2019air puissante pour les salles de bains et pi\u00e8ces humides. Son moteur silencieux et \u00e9conome en \u00e9nergie garantit un confort optimal. Son design compact facilite son installation sur les murs ou plafonds. Il \u00e9vacue rapidement l\u2019humidit\u00e9, \u00e9vitant ainsi la formation de moisissures. Id\u00e9al pour une ventilation performante et continue. Un accessoire indispensable pour une atmosph\u00e8re saine.<\/p>","protected":false},"excerpt":{"rendered":"<p>SOLER &#038; PALAU VENTILATEUR POUR SALLE DE BAINS plus TIMER SILENT-100 CRZ 5210401500<\/p>","protected":false},"featured_media":22398,"comment_status":"open","ping_status":"closed","template":"","meta":[],"product_brand":[],"product_cat":[5535,8840],"product_tag":[],"class_list":{"0":"post-14626","1":"product","2":"type-product","3":"status-publish","4":"has-post-thumbnail","6":"product_cat-extracteur","7":"product_cat-test","8":"pa_marque-soler-palau","10":"first","11":"instock","12":"sale","13":"taxable","14":"shipping-taxable","15":"purchasable","16":"product-type-simple"},"aioseo_notices":[],"_links":{"self":[{"href":"https:\/\/promochaudiere.be\/nl\/wp-json\/wp\/v2\/product\/14626","targetHints":{"allow":["GET"]}}],"collection":[{"href":"https:\/\/promochaudiere.be\/nl\/wp-json\/wp\/v2\/product"}],"about":[{"href":"https:\/\/promochaudiere.be\/nl\/wp-json\/wp\/v2\/types\/product"}],"replies":[{"embeddable":true,"href":"https:\/\/promochaudiere.be\/nl\/wp-json\/wp\/v2\/comments?post=14626"}],"version-history":[{"count":1,"href":"https:\/\/promochaudiere.be\/nl\/wp-json\/wp\/v2\/product\/14626\/revisions"}],"predecessor-version":[{"id":52974,"href":"https:\/\/promochaudiere.be\/nl\/wp-json\/wp\/v2\/product\/14626\/revisions\/52974"}],"wp:featuredmedia":[{"embeddable":true,"href":"https:\/\/promochaudiere.be\/nl\/wp-json\/wp\/v2\/media\/22398"}],"wp:attachment":[{"href":"https:\/\/promochaudiere.be\/nl\/wp-json\/wp\/v2\/media?parent=14626"}],"wp:term":[{"taxonomy":"product_brand","embeddable":true,"href":"https:\/\/promochaudiere.be\/nl\/wp-json\/wp\/v2\/product_brand?post=14626"},{"taxonomy":"product_cat","embeddable":true,"href":"https:\/\/promochaudiere.be\/nl\/wp-json\/wp\/v2\/product_cat?post=14626"},{"taxonomy":"product_tag","embeddable":true,"href":"https:\/\/promochaudiere.be\/nl\/wp-json\/wp\/v2\/product_tag?post=14626"}],"curies":[{"name":"wp","href":"https:\/\/api.w.org\/{rel}","templated":true}]}}