{"id":14631,"date":"2025-01-17T09:53:40","date_gmt":"2025-01-17T09:53:40","guid":{"rendered":"https:\/\/promochaudiere.be\/produit\/dab-pompe-vide-cave-de-serie-nova-300m-a-plus-flotteur-plus-recu-60194400h\/"},"modified":"2026-02-03T19:40:01","modified_gmt":"2026-02-03T18:40:01","slug":"dab-pompe-vide-cave-de-serie-nova-300m-a-plus-flotteur-plus-recu-60194400h","status":"publish","type":"product","link":"https:\/\/promochaudiere.be\/nl\/product\/dab-pompe-vide-cave-de-serie-nova-300m-a-plus-flotteur-plus-recu-60194400h\/","title":{"rendered":"DAB pompe vide-cave de s\u00e9rie Nova 300m-a  plus flotteur plus re\u00e7u 60194400H"},"content":{"rendered":"<p>La pompe vide-cave DAB Nova 300M-A Plus est con\u00e7ue pour pomper les eaux claires et l\u00e9g\u00e8rement charg\u00e9es. Elle est parfaite pour les sous-sols et garages.<\/p>","protected":false},"excerpt":{"rendered":"<p>DAB pompe vide-cave de s\u00e9rie Nova 300m-a  plus flotteur plus re\u00e7u 60194400H<\/p>","protected":false},"featured_media":22009,"comment_status":"open","ping_status":"closed","template":"","meta":[],"product_brand":[],"product_cat":[706,8840],"product_tag":[],"class_list":{"0":"post-14631","1":"product","2":"type-product","3":"status-publish","4":"has-post-thumbnail","6":"product_cat-pompe-hydrophore","7":"product_cat-test","8":"pa_marque-dab","10":"first","11":"instock","12":"sale","13":"taxable","14":"shipping-taxable","15":"purchasable","16":"product-type-simple"},"aioseo_notices":[],"_links":{"self":[{"href":"https:\/\/promochaudiere.be\/nl\/wp-json\/wp\/v2\/product\/14631","targetHints":{"allow":["GET"]}}],"collection":[{"href":"https:\/\/promochaudiere.be\/nl\/wp-json\/wp\/v2\/product"}],"about":[{"href":"https:\/\/promochaudiere.be\/nl\/wp-json\/wp\/v2\/types\/product"}],"replies":[{"embeddable":true,"href":"https:\/\/promochaudiere.be\/nl\/wp-json\/wp\/v2\/comments?post=14631"}],"version-history":[{"count":1,"href":"https:\/\/promochaudiere.be\/nl\/wp-json\/wp\/v2\/product\/14631\/revisions"}],"predecessor-version":[{"id":45475,"href":"https:\/\/promochaudiere.be\/nl\/wp-json\/wp\/v2\/product\/14631\/revisions\/45475"}],"wp:featuredmedia":[{"embeddable":true,"href":"https:\/\/promochaudiere.be\/nl\/wp-json\/wp\/v2\/media\/22009"}],"wp:attachment":[{"href":"https:\/\/promochaudiere.be\/nl\/wp-json\/wp\/v2\/media?parent=14631"}],"wp:term":[{"taxonomy":"product_brand","embeddable":true,"href":"https:\/\/promochaudiere.be\/nl\/wp-json\/wp\/v2\/product_brand?post=14631"},{"taxonomy":"product_cat","embeddable":true,"href":"https:\/\/promochaudiere.be\/nl\/wp-json\/wp\/v2\/product_cat?post=14631"},{"taxonomy":"product_tag","embeddable":true,"href":"https:\/\/promochaudiere.be\/nl\/wp-json\/wp\/v2\/product_tag?post=14631"}],"curies":[{"name":"wp","href":"https:\/\/api.w.org\/{rel}","templated":true}]}}