{"id":14644,"date":"2025-01-17T09:53:46","date_gmt":"2025-01-17T09:53:46","guid":{"rendered":"https:\/\/promochaudiere.be\/produit\/duco-capteur-integre-dhumidite-ducobox-silent-connect-00004218\/"},"modified":"2026-02-03T18:15:34","modified_gmt":"2026-02-03T17:15:34","slug":"duco-capteur-integre-dhumidite-ducobox-silent-connect-00004218","status":"publish","type":"product","link":"https:\/\/promochaudiere.be\/nl\/product\/duco-capteur-integre-dhumidite-ducobox-silent-connect-00004218\/","title":{"rendered":"DUCO CAPTEUR INTEGRE D&rsquo;HUMIDITE DUCOBOX SILENT CONNECT 00004218"},"content":{"rendered":"<p>Ce capteur d\u2019humidit\u00e9 Duco est con\u00e7u pour fonctionner avec la DucoBox Silent Connect afin de r\u00e9guler automatiquement la ventilation selon le taux d\u2019humidit\u00e9 d\u00e9tect\u00e9. Il pr\u00e9vient efficacement l\u2019accumulation d\u2019humidit\u00e9 excessive, \u00e9vitant ainsi les probl\u00e8mes de condensation et de moisissures. Sa pr\u00e9cision garantit un contr\u00f4le optimal de la ventilation, am\u00e9liorant le confort et la qualit\u00e9 de l\u2019air int\u00e9rieur. Facile \u00e0 int\u00e9grer dans le syst\u00e8me, il optimise la performance de la DucoBox. Un dispositif essentiel pour assurer une atmosph\u00e8re saine et \u00e9quilibr\u00e9e.<\/p>","protected":false},"excerpt":{"rendered":"<p>DUCO CAPTEUR INTEGRE D&rsquo;HUMIDITE DUCOBOX SILENT CONNECT 00004218<\/p>","protected":false},"featured_media":22096,"comment_status":"open","ping_status":"closed","template":"","meta":[],"product_brand":[],"product_cat":[10943,8840],"product_tag":[],"class_list":{"0":"post-14644","1":"product","2":"type-product","3":"status-publish","4":"has-post-thumbnail","6":"product_cat-accessoires-duco","7":"product_cat-test","8":"pa_marque-duco","10":"first","11":"instock","12":"sale","13":"taxable","14":"shipping-taxable","15":"purchasable","16":"product-type-simple"},"aioseo_notices":[],"_links":{"self":[{"href":"https:\/\/promochaudiere.be\/nl\/wp-json\/wp\/v2\/product\/14644","targetHints":{"allow":["GET"]}}],"collection":[{"href":"https:\/\/promochaudiere.be\/nl\/wp-json\/wp\/v2\/product"}],"about":[{"href":"https:\/\/promochaudiere.be\/nl\/wp-json\/wp\/v2\/types\/product"}],"replies":[{"embeddable":true,"href":"https:\/\/promochaudiere.be\/nl\/wp-json\/wp\/v2\/comments?post=14644"}],"version-history":[{"count":1,"href":"https:\/\/promochaudiere.be\/nl\/wp-json\/wp\/v2\/product\/14644\/revisions"}],"predecessor-version":[{"id":45459,"href":"https:\/\/promochaudiere.be\/nl\/wp-json\/wp\/v2\/product\/14644\/revisions\/45459"}],"wp:featuredmedia":[{"embeddable":true,"href":"https:\/\/promochaudiere.be\/nl\/wp-json\/wp\/v2\/media\/22096"}],"wp:attachment":[{"href":"https:\/\/promochaudiere.be\/nl\/wp-json\/wp\/v2\/media?parent=14644"}],"wp:term":[{"taxonomy":"product_brand","embeddable":true,"href":"https:\/\/promochaudiere.be\/nl\/wp-json\/wp\/v2\/product_brand?post=14644"},{"taxonomy":"product_cat","embeddable":true,"href":"https:\/\/promochaudiere.be\/nl\/wp-json\/wp\/v2\/product_cat?post=14644"},{"taxonomy":"product_tag","embeddable":true,"href":"https:\/\/promochaudiere.be\/nl\/wp-json\/wp\/v2\/product_tag?post=14644"}],"curies":[{"name":"wp","href":"https:\/\/api.w.org\/{rel}","templated":true}]}}