{"id":14645,"date":"2025-01-17T09:53:46","date_gmt":"2025-01-17T09:53:46","guid":{"rendered":"https:\/\/promochaudiere.be\/produit\/duco-capteur-dhumidite-rf-wired-noir-00004605\/"},"modified":"2026-02-03T18:15:34","modified_gmt":"2026-02-03T17:15:34","slug":"duco-capteur-dhumidite-rf-wired-noir-00004605","status":"publish","type":"product","link":"https:\/\/promochaudiere.be\/nl\/product\/duco-capteur-dhumidite-rf-wired-noir-00004605\/","title":{"rendered":"DUCO CAPTEUR D&rsquo;HUMIDITE RF\/WIRED NOIR 00004605"},"content":{"rendered":"<p>Ce capteur d\u2019humidit\u00e9 Duco permet de surveiller et d\u2019ajuster automatiquement la ventilation en fonction du taux d\u2019humidit\u00e9 ambiant. Il peut \u00eatre utilis\u00e9 en mode filaire ou sans fil (RF), offrant une flexibilit\u00e9 maximale pour l\u2019installation. Son design noir moderne s\u2019int\u00e8gre parfaitement dans tout type d\u2019int\u00e9rieur. Gr\u00e2ce \u00e0 sa haute pr\u00e9cision, il optimise le confort en r\u00e9duisant les risques de condensation et de moisissures. Facile \u00e0 utiliser, il contribue \u00e0 am\u00e9liorer la qualit\u00e9 de l\u2019air int\u00e9rieur. Un choix id\u00e9al pour une r\u00e9gulation efficace et intelligente de la ventilation.<\/p>","protected":false},"excerpt":{"rendered":"<p>DUCO CAPTEUR D&rsquo;HUMIDITE RF\/WIRED NOIR 00004605<\/p>","protected":false},"featured_media":22097,"comment_status":"open","ping_status":"closed","template":"","meta":[],"product_brand":[],"product_cat":[10943,8840],"product_tag":[],"class_list":{"0":"post-14645","1":"product","2":"type-product","3":"status-publish","4":"has-post-thumbnail","6":"product_cat-accessoires-duco","7":"product_cat-test","8":"pa_marque-duco","10":"first","11":"instock","12":"sale","13":"taxable","14":"shipping-taxable","15":"purchasable","16":"product-type-simple"},"aioseo_notices":[],"_links":{"self":[{"href":"https:\/\/promochaudiere.be\/nl\/wp-json\/wp\/v2\/product\/14645","targetHints":{"allow":["GET"]}}],"collection":[{"href":"https:\/\/promochaudiere.be\/nl\/wp-json\/wp\/v2\/product"}],"about":[{"href":"https:\/\/promochaudiere.be\/nl\/wp-json\/wp\/v2\/types\/product"}],"replies":[{"embeddable":true,"href":"https:\/\/promochaudiere.be\/nl\/wp-json\/wp\/v2\/comments?post=14645"}],"version-history":[{"count":1,"href":"https:\/\/promochaudiere.be\/nl\/wp-json\/wp\/v2\/product\/14645\/revisions"}],"predecessor-version":[{"id":45460,"href":"https:\/\/promochaudiere.be\/nl\/wp-json\/wp\/v2\/product\/14645\/revisions\/45460"}],"wp:featuredmedia":[{"embeddable":true,"href":"https:\/\/promochaudiere.be\/nl\/wp-json\/wp\/v2\/media\/22097"}],"wp:attachment":[{"href":"https:\/\/promochaudiere.be\/nl\/wp-json\/wp\/v2\/media?parent=14645"}],"wp:term":[{"taxonomy":"product_brand","embeddable":true,"href":"https:\/\/promochaudiere.be\/nl\/wp-json\/wp\/v2\/product_brand?post=14645"},{"taxonomy":"product_cat","embeddable":true,"href":"https:\/\/promochaudiere.be\/nl\/wp-json\/wp\/v2\/product_cat?post=14645"},{"taxonomy":"product_tag","embeddable":true,"href":"https:\/\/promochaudiere.be\/nl\/wp-json\/wp\/v2\/product_tag?post=14645"}],"curies":[{"name":"wp","href":"https:\/\/api.w.org\/{rel}","templated":true}]}}