{"id":14647,"date":"2025-01-17T09:53:47","date_gmt":"2025-01-17T09:53:47","guid":{"rendered":"https:\/\/promochaudiere.be\/produit\/tank-alert-jauge-avec-sonde-a-distance-pour-citerne-fioul-omt100005\/"},"modified":"2026-02-03T18:15:33","modified_gmt":"2026-02-03T17:15:33","slug":"tank-alert-jauge-avec-sonde-a-distance-pour-citerne-fioul-omt100005","status":"publish","type":"product","link":"https:\/\/promochaudiere.be\/nl\/product\/tank-alert-jauge-avec-sonde-a-distance-pour-citerne-fioul-omt100005\/","title":{"rendered":"TANK ALERT JAUGE AVEC SONDE A DISTANCE POUR CITERNE FIOUL OMT100005"},"content":{"rendered":"<p>Cette jauge Tank Alert permet de surveiller \u00e0 distance le niveau des citernes de stockage. Son capteur haute pr\u00e9cision assure une lecture fiable et en temps r\u00e9el. Facile \u00e0 installer, elle optimise la gestion des stocks de liquides. Compatible avec divers types de citernes, elle garantit une surveillance continue. Un accessoire indispensable pour \u00e9viter les ruptures de stock et les d\u00e9bordements.<\/p>","protected":false},"excerpt":{"rendered":"<p>TANK ALERT JAUGE AVEC SONDE A DISTANCE POUR CITERNE FIOUL OMT100005<\/p>","protected":false},"featured_media":22495,"comment_status":"open","ping_status":"closed","template":"","meta":[],"product_brand":[],"product_cat":[5515,8840],"product_tag":[],"class_list":{"0":"post-14647","1":"product","2":"type-product","3":"status-publish","4":"has-post-thumbnail","6":"product_cat-accessoires-fioul","7":"product_cat-test","9":"first","10":"instock","11":"sale","12":"taxable","13":"shipping-taxable","14":"purchasable","15":"product-type-simple"},"aioseo_notices":[],"_links":{"self":[{"href":"https:\/\/promochaudiere.be\/nl\/wp-json\/wp\/v2\/product\/14647","targetHints":{"allow":["GET"]}}],"collection":[{"href":"https:\/\/promochaudiere.be\/nl\/wp-json\/wp\/v2\/product"}],"about":[{"href":"https:\/\/promochaudiere.be\/nl\/wp-json\/wp\/v2\/types\/product"}],"replies":[{"embeddable":true,"href":"https:\/\/promochaudiere.be\/nl\/wp-json\/wp\/v2\/comments?post=14647"}],"version-history":[{"count":1,"href":"https:\/\/promochaudiere.be\/nl\/wp-json\/wp\/v2\/product\/14647\/revisions"}],"predecessor-version":[{"id":52972,"href":"https:\/\/promochaudiere.be\/nl\/wp-json\/wp\/v2\/product\/14647\/revisions\/52972"}],"wp:featuredmedia":[{"embeddable":true,"href":"https:\/\/promochaudiere.be\/nl\/wp-json\/wp\/v2\/media\/22495"}],"wp:attachment":[{"href":"https:\/\/promochaudiere.be\/nl\/wp-json\/wp\/v2\/media?parent=14647"}],"wp:term":[{"taxonomy":"product_brand","embeddable":true,"href":"https:\/\/promochaudiere.be\/nl\/wp-json\/wp\/v2\/product_brand?post=14647"},{"taxonomy":"product_cat","embeddable":true,"href":"https:\/\/promochaudiere.be\/nl\/wp-json\/wp\/v2\/product_cat?post=14647"},{"taxonomy":"product_tag","embeddable":true,"href":"https:\/\/promochaudiere.be\/nl\/wp-json\/wp\/v2\/product_tag?post=14647"}],"curies":[{"name":"wp","href":"https:\/\/api.w.org\/{rel}","templated":true}]}}