{"id":14669,"date":"2025-01-17T09:53:57","date_gmt":"2025-01-17T09:53:57","guid":{"rendered":"https:\/\/promochaudiere.be\/produit\/bulex-commande-a-distance-filaire-pour-miprosense-sr92-0020260984\/"},"modified":"2026-02-03T18:15:37","modified_gmt":"2026-02-03T17:15:37","slug":"bulex-commande-a-distance-filaire-pour-miprosense-sr92-0020260984","status":"publish","type":"product","link":"https:\/\/promochaudiere.be\/nl\/product\/bulex-commande-a-distance-filaire-pour-miprosense-sr92-0020260984\/","title":{"rendered":"BULEX COMMANDE A DISTANCE FILAIRE POUR MIPROSENSE SR92 0020260984"},"content":{"rendered":"<p>Cette commande \u00e0 distance filaire permet de piloter facilement les chaudi\u00e8res Bulex \u00e9quip\u00e9es du syst\u00e8me MiProSense. Son interface intuitive offre une programmation simple et efficace. Elle assure une r\u00e9gulation pr\u00e9cise de la temp\u00e9rature pour un confort thermique optimal. Facile \u00e0 installer, elle am\u00e9liore la gestion \u00e9nerg\u00e9tique. Un accessoire pratique pour une utilisation quotidienne.<\/p>","protected":false},"excerpt":{"rendered":"<p>BULEX COMMANDE A DISTANCE FILAIRE POUR MIPROSENSE SR92 0020260984<\/p>","protected":false},"featured_media":21917,"comment_status":"open","ping_status":"closed","template":"","meta":[],"product_brand":[],"product_cat":[8840,658],"product_tag":[],"class_list":{"0":"post-14669","1":"product","2":"type-product","3":"status-publish","4":"has-post-thumbnail","6":"product_cat-test","7":"product_cat-thermostat-bulex-fr","8":"pa_marque-bulex","10":"first","11":"instock","12":"sale","13":"taxable","14":"shipping-taxable","15":"purchasable","16":"product-type-simple"},"aioseo_notices":[],"_links":{"self":[{"href":"https:\/\/promochaudiere.be\/nl\/wp-json\/wp\/v2\/product\/14669","targetHints":{"allow":["GET"]}}],"collection":[{"href":"https:\/\/promochaudiere.be\/nl\/wp-json\/wp\/v2\/product"}],"about":[{"href":"https:\/\/promochaudiere.be\/nl\/wp-json\/wp\/v2\/types\/product"}],"replies":[{"embeddable":true,"href":"https:\/\/promochaudiere.be\/nl\/wp-json\/wp\/v2\/comments?post=14669"}],"version-history":[{"count":1,"href":"https:\/\/promochaudiere.be\/nl\/wp-json\/wp\/v2\/product\/14669\/revisions"}],"predecessor-version":[{"id":45440,"href":"https:\/\/promochaudiere.be\/nl\/wp-json\/wp\/v2\/product\/14669\/revisions\/45440"}],"wp:featuredmedia":[{"embeddable":true,"href":"https:\/\/promochaudiere.be\/nl\/wp-json\/wp\/v2\/media\/21917"}],"wp:attachment":[{"href":"https:\/\/promochaudiere.be\/nl\/wp-json\/wp\/v2\/media?parent=14669"}],"wp:term":[{"taxonomy":"product_brand","embeddable":true,"href":"https:\/\/promochaudiere.be\/nl\/wp-json\/wp\/v2\/product_brand?post=14669"},{"taxonomy":"product_cat","embeddable":true,"href":"https:\/\/promochaudiere.be\/nl\/wp-json\/wp\/v2\/product_cat?post=14669"},{"taxonomy":"product_tag","embeddable":true,"href":"https:\/\/promochaudiere.be\/nl\/wp-json\/wp\/v2\/product_tag?post=14669"}],"curies":[{"name":"wp","href":"https:\/\/api.w.org\/{rel}","templated":true}]}}