{"id":14671,"date":"2025-01-17T09:53:58","date_gmt":"2025-01-17T09:53:58","guid":{"rendered":"https:\/\/promochaudiere.be\/produit\/duco-clapet-de-reglage-dhumidite-pour-ducobox-focus-pour-salle-de-bains-50m%c2%b3-h-00004162\/"},"modified":"2026-02-03T18:15:36","modified_gmt":"2026-02-03T17:15:36","slug":"duco-clapet-de-reglage-dhumidite-pour-ducobox-focus-pour-salle-de-bains-50m%c2%b3-h-00004162","status":"publish","type":"product","link":"https:\/\/promochaudiere.be\/product\/duco-clapet-de-reglage-dhumidite-pour-ducobox-focus-pour-salle-de-bains-50m%c2%b3-h-00004162\/","title":{"rendered":"DUCO CLAPET DE REGLAGE D&rsquo;HUMIDITE POUR DUCOBOX FOCUS POUR SALLE DE BAINS 50M\u00b3\/H 00004162"},"content":{"rendered":"<p>Ce clapet de r\u00e9glage d\u2019humidit\u00e9 pour DucoBox Focus permet une gestion automatique et optimis\u00e9e de la ventilation. Il ajuste le d\u00e9bit d\u2019air en fonction du taux d\u2019humidit\u00e9 ambiant, \u00e9vitant ainsi les probl\u00e8mes de condensation et am\u00e9liorant le confort int\u00e9rieur. Son syst\u00e8me intelligent permet de limiter la consommation d\u2019\u00e9nergie en adaptant la ventilation aux besoins r\u00e9els. Facile \u00e0 installer, il est con\u00e7u pour s\u2019int\u00e9grer parfaitement aux syst\u00e8mes Duco. Un \u00e9l\u00e9ment cl\u00e9 pour assurer un air sain et une ventilation performante.<\/p>","protected":false},"excerpt":{"rendered":"<p>DUCO CLAPET DE REGLAGE D&rsquo;HUMIDITE POUR DUCOBOX FOCUS POUR SALLE DE BAINS 50M\u00b3\/H 00004162<\/p>","protected":false},"featured_media":22112,"comment_status":"open","ping_status":"closed","template":"","meta":[],"product_brand":[],"product_cat":[10943,8840],"product_tag":[],"class_list":{"0":"post-14671","1":"product","2":"type-product","3":"status-publish","4":"has-post-thumbnail","6":"product_cat-accessoires-duco","7":"product_cat-test","8":"pa_marque-duco","10":"first","11":"instock","12":"sale","13":"taxable","14":"shipping-taxable","15":"purchasable","16":"product-type-simple"},"aioseo_notices":[],"_links":{"self":[{"href":"https:\/\/promochaudiere.be\/nl\/wp-json\/wp\/v2\/product\/14671","targetHints":{"allow":["GET"]}}],"collection":[{"href":"https:\/\/promochaudiere.be\/nl\/wp-json\/wp\/v2\/product"}],"about":[{"href":"https:\/\/promochaudiere.be\/nl\/wp-json\/wp\/v2\/types\/product"}],"replies":[{"embeddable":true,"href":"https:\/\/promochaudiere.be\/nl\/wp-json\/wp\/v2\/comments?post=14671"}],"version-history":[{"count":1,"href":"https:\/\/promochaudiere.be\/nl\/wp-json\/wp\/v2\/product\/14671\/revisions"}],"predecessor-version":[{"id":45437,"href":"https:\/\/promochaudiere.be\/nl\/wp-json\/wp\/v2\/product\/14671\/revisions\/45437"}],"wp:featuredmedia":[{"embeddable":true,"href":"https:\/\/promochaudiere.be\/nl\/wp-json\/wp\/v2\/media\/22112"}],"wp:attachment":[{"href":"https:\/\/promochaudiere.be\/nl\/wp-json\/wp\/v2\/media?parent=14671"}],"wp:term":[{"taxonomy":"product_brand","embeddable":true,"href":"https:\/\/promochaudiere.be\/nl\/wp-json\/wp\/v2\/product_brand?post=14671"},{"taxonomy":"product_cat","embeddable":true,"href":"https:\/\/promochaudiere.be\/nl\/wp-json\/wp\/v2\/product_cat?post=14671"},{"taxonomy":"product_tag","embeddable":true,"href":"https:\/\/promochaudiere.be\/nl\/wp-json\/wp\/v2\/product_tag?post=14671"}],"curies":[{"name":"wp","href":"https:\/\/api.w.org\/{rel}","templated":true}]}}