{"id":14674,"date":"2025-01-17T09:53:59","date_gmt":"2025-01-17T09:53:59","guid":{"rendered":"https:\/\/promochaudiere.be\/produit\/bosch-sonde-dambiance-modulaire-cr50-classe-vi-4-7738111049\/"},"modified":"2026-02-03T18:15:36","modified_gmt":"2026-02-03T17:15:36","slug":"bosch-sonde-dambiance-modulaire-cr50-classe-vi-4-7738111049","status":"publish","type":"product","link":"https:\/\/promochaudiere.be\/nl\/product\/bosch-sonde-dambiance-modulaire-cr50-classe-vi-4-7738111049\/","title":{"rendered":"BOSCH SONDE D&rsquo;AMBIANCE MODULAIRE CR50 CLASSE VI (4%) 7738111049"},"content":{"rendered":"<p>Optimisez le confort thermique de votre int\u00e9rieur avec la sonde d\u2019ambiance modulaire Bosch CR50. Gr\u00e2ce \u00e0 sa technologie avanc\u00e9e, elle permet une r\u00e9gulation pr\u00e9cise de la temp\u00e9rature pour une consommation \u00e9nerg\u00e9tique ma\u00eetris\u00e9e. Compatible avec les syst\u00e8mes Bosch, elle s\u2019int\u00e8gre facilement \u00e0 votre installation existante. Son interface intuitive offre un r\u00e9glage simplifi\u00e9 pour un confort personnalis\u00e9. Sa classe \u00e9nerg\u00e9tique V garantit une efficacit\u00e9 maximale.<\/p>","protected":false},"excerpt":{"rendered":"<p>BOSCH SONDE D&rsquo;AMBIANCE MODULAIRE CR50 CLASSE VI (4%) 7738111049<\/p>","protected":false},"featured_media":21679,"comment_status":"open","ping_status":"closed","template":"","meta":[],"product_brand":[],"product_cat":[8840,578],"product_tag":[],"class_list":{"0":"post-14674","1":"product","2":"type-product","3":"status-publish","4":"has-post-thumbnail","6":"product_cat-test","7":"product_cat-thermostat-bosch-fr","8":"pa_marque-bosch","10":"first","11":"instock","12":"sale","13":"taxable","14":"shipping-taxable","15":"purchasable","16":"product-type-simple"},"aioseo_notices":[],"_links":{"self":[{"href":"https:\/\/promochaudiere.be\/nl\/wp-json\/wp\/v2\/product\/14674","targetHints":{"allow":["GET"]}}],"collection":[{"href":"https:\/\/promochaudiere.be\/nl\/wp-json\/wp\/v2\/product"}],"about":[{"href":"https:\/\/promochaudiere.be\/nl\/wp-json\/wp\/v2\/types\/product"}],"replies":[{"embeddable":true,"href":"https:\/\/promochaudiere.be\/nl\/wp-json\/wp\/v2\/comments?post=14674"}],"version-history":[{"count":1,"href":"https:\/\/promochaudiere.be\/nl\/wp-json\/wp\/v2\/product\/14674\/revisions"}],"predecessor-version":[{"id":45435,"href":"https:\/\/promochaudiere.be\/nl\/wp-json\/wp\/v2\/product\/14674\/revisions\/45435"}],"wp:featuredmedia":[{"embeddable":true,"href":"https:\/\/promochaudiere.be\/nl\/wp-json\/wp\/v2\/media\/21679"}],"wp:attachment":[{"href":"https:\/\/promochaudiere.be\/nl\/wp-json\/wp\/v2\/media?parent=14674"}],"wp:term":[{"taxonomy":"product_brand","embeddable":true,"href":"https:\/\/promochaudiere.be\/nl\/wp-json\/wp\/v2\/product_brand?post=14674"},{"taxonomy":"product_cat","embeddable":true,"href":"https:\/\/promochaudiere.be\/nl\/wp-json\/wp\/v2\/product_cat?post=14674"},{"taxonomy":"product_tag","embeddable":true,"href":"https:\/\/promochaudiere.be\/nl\/wp-json\/wp\/v2\/product_tag?post=14674"}],"curies":[{"name":"wp","href":"https:\/\/api.w.org\/{rel}","templated":true}]}}