{"id":14678,"date":"2025-01-17T09:54:00","date_gmt":"2025-01-17T09:54:00","guid":{"rendered":"https:\/\/promochaudiere.be\/produit\/radson-compact-hp-22-750x600-ral9016-1233w-pkmp2275006009016\/"},"modified":"2026-02-03T18:15:38","modified_gmt":"2026-02-03T17:15:38","slug":"radson-compact-hp-22-750x600-ral9016-1233w-pkmp2275006009016","status":"publish","type":"product","link":"https:\/\/promochaudiere.be\/nl\/product\/radson-compact-hp-22-750x600-ral9016-1233w-pkmp2275006009016\/","title":{"rendered":"Radson Compact HP 22 750&#215;600 RAL9016 1233W PKMP2275006009016"},"content":{"rendered":"<p>Le Radson Compact HP est un radiateur \u00e0 panneaux con\u00e7u pour offrir des performances thermiques exceptionnelles, m\u00eame dans les syst\u00e8mes de chauffage \u00e0 haute pression. Avec une pression de service maximale de 10 bars et une temp\u00e9rature de fonctionnement pouvant atteindre 110\u00b0C, il garantit une diffusion optimale de la chaleur dans votre espace. Disponible en plusieurs dimensions et types (11, 21, 22, 33), le Compact HP s&rsquo;adapte facilement \u00e0 vos besoins en chauffage, qu&rsquo;il s&rsquo;agisse de petits espaces ou de grandes pi\u00e8ces. Son design \u00e9l\u00e9gant, avec une finition standard blanc RAL 9016, des joues lat\u00e9rales et une grille sup\u00e9rieure, lui permet de s\u2019int\u00e9grer harmonieusement dans tous les styles d\u2019int\u00e9rieur.<\/p>","protected":false},"excerpt":{"rendered":"<p>Radson Compact HP 22 750&#215;600 RAL9016 1233W PKMP2275006009016<\/p>","protected":false},"featured_media":20661,"comment_status":"open","ping_status":"closed","template":"","meta":[],"product_brand":[],"product_cat":[10248],"product_tag":[],"class_list":{"0":"post-14678","1":"product","2":"type-product","3":"status-publish","4":"has-post-thumbnail","6":"product_cat-compact-hp","7":"pa_marque-radson","9":"first","10":"instock","11":"sale","12":"taxable","13":"shipping-taxable","14":"purchasable","15":"product-type-simple"},"aioseo_notices":[],"_links":{"self":[{"href":"https:\/\/promochaudiere.be\/nl\/wp-json\/wp\/v2\/product\/14678","targetHints":{"allow":["GET"]}}],"collection":[{"href":"https:\/\/promochaudiere.be\/nl\/wp-json\/wp\/v2\/product"}],"about":[{"href":"https:\/\/promochaudiere.be\/nl\/wp-json\/wp\/v2\/types\/product"}],"replies":[{"embeddable":true,"href":"https:\/\/promochaudiere.be\/nl\/wp-json\/wp\/v2\/comments?post=14678"}],"version-history":[{"count":1,"href":"https:\/\/promochaudiere.be\/nl\/wp-json\/wp\/v2\/product\/14678\/revisions"}],"predecessor-version":[{"id":45434,"href":"https:\/\/promochaudiere.be\/nl\/wp-json\/wp\/v2\/product\/14678\/revisions\/45434"}],"wp:featuredmedia":[{"embeddable":true,"href":"https:\/\/promochaudiere.be\/nl\/wp-json\/wp\/v2\/media\/20661"}],"wp:attachment":[{"href":"https:\/\/promochaudiere.be\/nl\/wp-json\/wp\/v2\/media?parent=14678"}],"wp:term":[{"taxonomy":"product_brand","embeddable":true,"href":"https:\/\/promochaudiere.be\/nl\/wp-json\/wp\/v2\/product_brand?post=14678"},{"taxonomy":"product_cat","embeddable":true,"href":"https:\/\/promochaudiere.be\/nl\/wp-json\/wp\/v2\/product_cat?post=14678"},{"taxonomy":"product_tag","embeddable":true,"href":"https:\/\/promochaudiere.be\/nl\/wp-json\/wp\/v2\/product_tag?post=14678"}],"curies":[{"name":"wp","href":"https:\/\/api.w.org\/{rel}","templated":true}]}}