{"id":14681,"date":"2025-01-17T09:54:02","date_gmt":"2025-01-17T09:54:02","guid":{"rendered":"https:\/\/promochaudiere.be\/produit\/bulex-vase-dexpansion-0020097328\/"},"modified":"2026-02-03T18:15:34","modified_gmt":"2026-02-03T17:15:34","slug":"bulex-vase-dexpansion-0020097328","status":"publish","type":"product","link":"https:\/\/promochaudiere.be\/nl\/product\/bulex-vase-dexpansion-0020097328\/","title":{"rendered":"Bulex Vase d&rsquo;expansion 0020097328"},"content":{"rendered":"<p>Ce vase d\u2019expansion Bulex absorbe les variations de pression dans les circuits de chauffage pour \u00e9viter les surpressions. Il prot\u00e8ge les \u00e9quipements et prolonge leur dur\u00e9e de vie. Sa conception robuste garantit une excellente r\u00e9sistance \u00e0 la chaleur et aux contraintes m\u00e9caniques. Un \u00e9l\u00e9ment cl\u00e9 pour assurer la stabilit\u00e9 des installations thermiques.<\/p>","protected":false},"excerpt":{"rendered":"<p>Bulex Vase d&rsquo;expansion 0020097328<\/p>","protected":false},"featured_media":21858,"comment_status":"open","ping_status":"closed","template":"","meta":[],"product_brand":[],"product_cat":[9507,8840],"product_tag":[],"class_list":{"0":"post-14681","1":"product","2":"type-product","3":"status-publish","4":"has-post-thumbnail","6":"product_cat-pieces-detachees-bulex","7":"product_cat-test","8":"pa_marque-bulex","10":"first","11":"instock","12":"sale","13":"taxable","14":"shipping-taxable","15":"purchasable","16":"product-type-simple"},"aioseo_notices":[],"_links":{"self":[{"href":"https:\/\/promochaudiere.be\/nl\/wp-json\/wp\/v2\/product\/14681","targetHints":{"allow":["GET"]}}],"collection":[{"href":"https:\/\/promochaudiere.be\/nl\/wp-json\/wp\/v2\/product"}],"about":[{"href":"https:\/\/promochaudiere.be\/nl\/wp-json\/wp\/v2\/types\/product"}],"replies":[{"embeddable":true,"href":"https:\/\/promochaudiere.be\/nl\/wp-json\/wp\/v2\/comments?post=14681"}],"version-history":[{"count":1,"href":"https:\/\/promochaudiere.be\/nl\/wp-json\/wp\/v2\/product\/14681\/revisions"}],"predecessor-version":[{"id":45429,"href":"https:\/\/promochaudiere.be\/nl\/wp-json\/wp\/v2\/product\/14681\/revisions\/45429"}],"wp:featuredmedia":[{"embeddable":true,"href":"https:\/\/promochaudiere.be\/nl\/wp-json\/wp\/v2\/media\/21858"}],"wp:attachment":[{"href":"https:\/\/promochaudiere.be\/nl\/wp-json\/wp\/v2\/media?parent=14681"}],"wp:term":[{"taxonomy":"product_brand","embeddable":true,"href":"https:\/\/promochaudiere.be\/nl\/wp-json\/wp\/v2\/product_brand?post=14681"},{"taxonomy":"product_cat","embeddable":true,"href":"https:\/\/promochaudiere.be\/nl\/wp-json\/wp\/v2\/product_cat?post=14681"},{"taxonomy":"product_tag","embeddable":true,"href":"https:\/\/promochaudiere.be\/nl\/wp-json\/wp\/v2\/product_tag?post=14681"}],"curies":[{"name":"wp","href":"https:\/\/api.w.org\/{rel}","templated":true}]}}