{"id":14682,"date":"2025-01-17T09:54:02","date_gmt":"2025-01-17T09:54:02","guid":{"rendered":"https:\/\/promochaudiere.be\/produit\/emballage-encastre-carre-zehnder-527005450\/"},"modified":"2026-02-03T18:15:36","modified_gmt":"2026-02-03T17:15:36","slug":"emballage-encastre-carre-zehnder-527005450","status":"publish","type":"product","link":"https:\/\/promochaudiere.be\/nl\/product\/emballage-encastre-carre-zehnder-527005450\/","title":{"rendered":"EMBALLAGE ENCASTRE CARRE ZEHNDER 527005450"},"content":{"rendered":"<p>Ce coffret encastr\u00e9 est con\u00e7u pour l\u2019installation des syst\u00e8mes de chauffage et ventilation Zehnder. Il garantit une int\u00e9gration propre et esth\u00e9tique dans les murs ou cloisons. Son mat\u00e9riau r\u00e9sistant assure une protection optimale des composants internes. Facile \u00e0 poser, il simplifie l\u2019installation et la maintenance. Son format carr\u00e9 offre une compatibilit\u00e9 avec divers mod\u00e8les Zehnder. Une solution discr\u00e8te et fonctionnelle pour des installations modernes.<\/p>","protected":false},"excerpt":{"rendered":"<p>EMBALLAGE ENCASTRE CARRE ZEHNDER 527005450<\/p>","protected":false},"featured_media":22121,"comment_status":"open","ping_status":"closed","template":"","meta":[],"product_brand":[],"product_cat":[10895,8840],"product_tag":[],"class_list":{"0":"post-14682","1":"product","2":"type-product","3":"status-publish","4":"has-post-thumbnail","6":"product_cat-accessoires-zehnder","7":"product_cat-test","9":"first","10":"instock","11":"sale","12":"taxable","13":"shipping-taxable","14":"purchasable","15":"product-type-simple"},"aioseo_notices":[],"_links":{"self":[{"href":"https:\/\/promochaudiere.be\/nl\/wp-json\/wp\/v2\/product\/14682","targetHints":{"allow":["GET"]}}],"collection":[{"href":"https:\/\/promochaudiere.be\/nl\/wp-json\/wp\/v2\/product"}],"about":[{"href":"https:\/\/promochaudiere.be\/nl\/wp-json\/wp\/v2\/types\/product"}],"replies":[{"embeddable":true,"href":"https:\/\/promochaudiere.be\/nl\/wp-json\/wp\/v2\/comments?post=14682"}],"version-history":[{"count":1,"href":"https:\/\/promochaudiere.be\/nl\/wp-json\/wp\/v2\/product\/14682\/revisions"}],"predecessor-version":[{"id":52967,"href":"https:\/\/promochaudiere.be\/nl\/wp-json\/wp\/v2\/product\/14682\/revisions\/52967"}],"wp:featuredmedia":[{"embeddable":true,"href":"https:\/\/promochaudiere.be\/nl\/wp-json\/wp\/v2\/media\/22121"}],"wp:attachment":[{"href":"https:\/\/promochaudiere.be\/nl\/wp-json\/wp\/v2\/media?parent=14682"}],"wp:term":[{"taxonomy":"product_brand","embeddable":true,"href":"https:\/\/promochaudiere.be\/nl\/wp-json\/wp\/v2\/product_brand?post=14682"},{"taxonomy":"product_cat","embeddable":true,"href":"https:\/\/promochaudiere.be\/nl\/wp-json\/wp\/v2\/product_cat?post=14682"},{"taxonomy":"product_tag","embeddable":true,"href":"https:\/\/promochaudiere.be\/nl\/wp-json\/wp\/v2\/product_tag?post=14682"}],"curies":[{"name":"wp","href":"https:\/\/api.w.org\/{rel}","templated":true}]}}