{"id":14685,"date":"2025-01-17T09:54:03","date_gmt":"2025-01-17T09:54:03","guid":{"rendered":"https:\/\/promochaudiere.be\/produit\/vanne-melangeuse-3-voies-vrg131-esbe-dn40-25kvs-6-4f-11603400\/"},"modified":"2026-02-03T18:15:40","modified_gmt":"2026-02-03T17:15:40","slug":"vanne-melangeuse-3-voies-vrg131-esbe-dn40-25kvs-6-4f-11603400","status":"publish","type":"product","link":"https:\/\/promochaudiere.be\/nl\/product\/vanne-melangeuse-3-voies-vrg131-esbe-dn40-25kvs-6-4f-11603400\/","title":{"rendered":"VANNE MELANGEUSE 3 VOIES VRG131 ESBE DN40- 25KVS 6\/4&Prime;F 11603400"},"content":{"rendered":"<p>Cette vanne ESBE VRG131 DN40 est con\u00e7ue pour assurer un contr\u00f4le pr\u00e9cis du flux dans les installations de chauffage. Son d\u00e9bit Kvs de 25 garantit une r\u00e9gulation fluide et efficace. Son mat\u00e9riau haute r\u00e9sistance lui conf\u00e8re une excellente durabilit\u00e9. Facile \u00e0 poser, elle optimise le rendement \u00e9nerg\u00e9tique. Un accessoire indispensable pour une gestion thermique avanc\u00e9e.<\/p>","protected":false},"excerpt":{"rendered":"<p>VANNE MELANGEUSE 3 VOIES VRG131 ESBE DN40- 25KVS 6\/4&Prime;F 11603400<\/p>","protected":false},"featured_media":21119,"comment_status":"open","ping_status":"closed","template":"","meta":[],"product_brand":[],"product_cat":[5519],"product_tag":[],"class_list":{"0":"post-14685","1":"product","2":"type-product","3":"status-publish","4":"has-post-thumbnail","6":"product_cat-vanne","8":"first","9":"instock","10":"sale","11":"taxable","12":"shipping-taxable","13":"purchasable","14":"product-type-simple"},"aioseo_notices":[],"_links":{"self":[{"href":"https:\/\/promochaudiere.be\/nl\/wp-json\/wp\/v2\/product\/14685","targetHints":{"allow":["GET"]}}],"collection":[{"href":"https:\/\/promochaudiere.be\/nl\/wp-json\/wp\/v2\/product"}],"about":[{"href":"https:\/\/promochaudiere.be\/nl\/wp-json\/wp\/v2\/types\/product"}],"replies":[{"embeddable":true,"href":"https:\/\/promochaudiere.be\/nl\/wp-json\/wp\/v2\/comments?post=14685"}],"version-history":[{"count":1,"href":"https:\/\/promochaudiere.be\/nl\/wp-json\/wp\/v2\/product\/14685\/revisions"}],"predecessor-version":[{"id":52965,"href":"https:\/\/promochaudiere.be\/nl\/wp-json\/wp\/v2\/product\/14685\/revisions\/52965"}],"wp:featuredmedia":[{"embeddable":true,"href":"https:\/\/promochaudiere.be\/nl\/wp-json\/wp\/v2\/media\/21119"}],"wp:attachment":[{"href":"https:\/\/promochaudiere.be\/nl\/wp-json\/wp\/v2\/media?parent=14685"}],"wp:term":[{"taxonomy":"product_brand","embeddable":true,"href":"https:\/\/promochaudiere.be\/nl\/wp-json\/wp\/v2\/product_brand?post=14685"},{"taxonomy":"product_cat","embeddable":true,"href":"https:\/\/promochaudiere.be\/nl\/wp-json\/wp\/v2\/product_cat?post=14685"},{"taxonomy":"product_tag","embeddable":true,"href":"https:\/\/promochaudiere.be\/nl\/wp-json\/wp\/v2\/product_tag?post=14685"}],"curies":[{"name":"wp","href":"https:\/\/api.w.org\/{rel}","templated":true}]}}