{"id":14692,"date":"2025-01-17T09:54:07","date_gmt":"2025-01-17T09:54:07","guid":{"rendered":"https:\/\/promochaudiere.be\/produit\/tigerloop-combi-magnum-metre-vide-0139133\/"},"modified":"2026-02-03T18:15:43","modified_gmt":"2026-02-03T17:15:43","slug":"tigerloop-combi-magnum-metre-vide-0139133","status":"publish","type":"product","link":"https:\/\/promochaudiere.be\/nl\/product\/tigerloop-combi-magnum-metre-vide-0139133\/","title":{"rendered":"TIGERLOOP COMBI MAGNUM + METRE VIDE 0139133"},"content":{"rendered":"<p>Ce mod\u00e8le Tigerloop Combi Magnum assure un d\u00e9gazage efficace du mazout pour une alimentation stable du br\u00fbleur. Il r\u00e9duit les risques de dysfonctionnement et am\u00e9liore le rendement \u00e9nerg\u00e9tique. Facile \u00e0 installer, il garantit une combustion plus propre. Un accessoire essentiel pour optimiser la performance des chaudi\u00e8res au fioul.<\/p>","protected":false},"excerpt":{"rendered":"<p>TIGERLOOP COMBI MAGNUM + METRE VIDE 0139133<\/p>","protected":false},"featured_media":21793,"comment_status":"open","ping_status":"closed","template":"","meta":[],"product_brand":[],"product_cat":[5515,8840],"product_tag":[],"class_list":{"0":"post-14692","1":"product","2":"type-product","3":"status-publish","4":"has-post-thumbnail","6":"product_cat-accessoires-fioul","7":"product_cat-test","9":"first","10":"instock","11":"sale","12":"taxable","13":"shipping-taxable","14":"purchasable","15":"product-type-simple"},"aioseo_notices":[],"_links":{"self":[{"href":"https:\/\/promochaudiere.be\/nl\/wp-json\/wp\/v2\/product\/14692","targetHints":{"allow":["GET"]}}],"collection":[{"href":"https:\/\/promochaudiere.be\/nl\/wp-json\/wp\/v2\/product"}],"about":[{"href":"https:\/\/promochaudiere.be\/nl\/wp-json\/wp\/v2\/types\/product"}],"replies":[{"embeddable":true,"href":"https:\/\/promochaudiere.be\/nl\/wp-json\/wp\/v2\/comments?post=14692"}],"version-history":[{"count":1,"href":"https:\/\/promochaudiere.be\/nl\/wp-json\/wp\/v2\/product\/14692\/revisions"}],"predecessor-version":[{"id":52961,"href":"https:\/\/promochaudiere.be\/nl\/wp-json\/wp\/v2\/product\/14692\/revisions\/52961"}],"wp:featuredmedia":[{"embeddable":true,"href":"https:\/\/promochaudiere.be\/nl\/wp-json\/wp\/v2\/media\/21793"}],"wp:attachment":[{"href":"https:\/\/promochaudiere.be\/nl\/wp-json\/wp\/v2\/media?parent=14692"}],"wp:term":[{"taxonomy":"product_brand","embeddable":true,"href":"https:\/\/promochaudiere.be\/nl\/wp-json\/wp\/v2\/product_brand?post=14692"},{"taxonomy":"product_cat","embeddable":true,"href":"https:\/\/promochaudiere.be\/nl\/wp-json\/wp\/v2\/product_cat?post=14692"},{"taxonomy":"product_tag","embeddable":true,"href":"https:\/\/promochaudiere.be\/nl\/wp-json\/wp\/v2\/product_tag?post=14692"}],"curies":[{"name":"wp","href":"https:\/\/api.w.org\/{rel}","templated":true}]}}