{"id":14693,"date":"2025-01-17T09:54:07","date_gmt":"2025-01-17T09:54:07","guid":{"rendered":"https:\/\/promochaudiere.be\/produit\/reflex-vase-dexpansion-reflex-epdm-n80-80-l-8210200\/"},"modified":"2026-02-03T19:40:01","modified_gmt":"2026-02-03T18:40:01","slug":"reflex-vase-dexpansion-reflex-epdm-n80-80-l-8210200","status":"publish","type":"product","link":"https:\/\/promochaudiere.be\/product\/reflex-vase-dexpansion-reflex-epdm-n80-80-l-8210200\/","title":{"rendered":"Reflex vase d&rsquo;expansion reflex epdm n80 &#8211; 80 l 8210200"},"content":{"rendered":"<p>Le vase d\u2019expansion Reflex N80 de 80 litres est con\u00e7u pour absorber les variations de pression dans les circuits de chauffage. Gr\u00e2ce \u00e0 sa membrane en EPDM, il assure une durabilit\u00e9 exceptionnelle et une \u00e9tanch\u00e9it\u00e9 parfaite. Son installation simple permet d\u2019\u00e9viter les surpressions et d\u2019am\u00e9liorer la long\u00e9vit\u00e9 du syst\u00e8me. Un accessoire essentiel pour pr\u00e9server les installations de chauffage.<\/p>","protected":false},"excerpt":{"rendered":"<p>Reflex vase d&rsquo;expansion reflex epdm n80 &#8211; 80 l 8210200<\/p>","protected":false},"featured_media":21675,"comment_status":"open","ping_status":"closed","template":"","meta":[],"product_brand":[],"product_cat":[8840,11001],"product_tag":[],"class_list":{"0":"post-14693","1":"product","2":"type-product","3":"status-publish","4":"has-post-thumbnail","6":"product_cat-test","7":"product_cat-vase-dexpansion-chauffage","8":"pa_marque-reflex","10":"first","11":"instock","12":"sale","13":"taxable","14":"shipping-taxable","15":"purchasable","16":"product-type-simple"},"aioseo_notices":[],"_links":{"self":[{"href":"https:\/\/promochaudiere.be\/nl\/wp-json\/wp\/v2\/product\/14693","targetHints":{"allow":["GET"]}}],"collection":[{"href":"https:\/\/promochaudiere.be\/nl\/wp-json\/wp\/v2\/product"}],"about":[{"href":"https:\/\/promochaudiere.be\/nl\/wp-json\/wp\/v2\/types\/product"}],"replies":[{"embeddable":true,"href":"https:\/\/promochaudiere.be\/nl\/wp-json\/wp\/v2\/comments?post=14693"}],"version-history":[{"count":1,"href":"https:\/\/promochaudiere.be\/nl\/wp-json\/wp\/v2\/product\/14693\/revisions"}],"predecessor-version":[{"id":45424,"href":"https:\/\/promochaudiere.be\/nl\/wp-json\/wp\/v2\/product\/14693\/revisions\/45424"}],"wp:featuredmedia":[{"embeddable":true,"href":"https:\/\/promochaudiere.be\/nl\/wp-json\/wp\/v2\/media\/21675"}],"wp:attachment":[{"href":"https:\/\/promochaudiere.be\/nl\/wp-json\/wp\/v2\/media?parent=14693"}],"wp:term":[{"taxonomy":"product_brand","embeddable":true,"href":"https:\/\/promochaudiere.be\/nl\/wp-json\/wp\/v2\/product_brand?post=14693"},{"taxonomy":"product_cat","embeddable":true,"href":"https:\/\/promochaudiere.be\/nl\/wp-json\/wp\/v2\/product_cat?post=14693"},{"taxonomy":"product_tag","embeddable":true,"href":"https:\/\/promochaudiere.be\/nl\/wp-json\/wp\/v2\/product_tag?post=14693"}],"curies":[{"name":"wp","href":"https:\/\/api.w.org\/{rel}","templated":true}]}}