{"id":14697,"date":"2025-01-17T09:54:08","date_gmt":"2025-01-17T09:54:08","guid":{"rendered":"https:\/\/promochaudiere.be\/produit\/soler-palau-aerateur-de-salle-de-bain-toilettes-dual-100-5210640600\/"},"modified":"2026-02-03T19:40:02","modified_gmt":"2026-02-03T18:40:02","slug":"soler-palau-aerateur-de-salle-de-bain-toilettes-dual-100-5210640600","status":"publish","type":"product","link":"https:\/\/promochaudiere.be\/nl\/product\/soler-palau-aerateur-de-salle-de-bain-toilettes-dual-100-5210640600\/","title":{"rendered":"Soler &#038; Palau a\u00e9rateur de salle de bain\/toilettes DUAL 100 5210640600"},"content":{"rendered":"<p>Cet a\u00e9rateur Soler &#038; Palau est con\u00e7u pour assurer une ventilation optimale des petites pi\u00e8ces humides. Son diam\u00e8tre de 100mm permet une extraction efficace de l\u2019humidit\u00e9 et des mauvaises odeurs. Son moteur silencieux garantit un confort optimal. Facile \u00e0 poser, il am\u00e9liore la qualit\u00e9 de l\u2019air int\u00e9rieur. Un choix id\u00e9al pour \u00e9viter la condensation et la formation de moisissures.<\/p>","protected":false},"excerpt":{"rendered":"<p>Soler &#038; Palau a\u00e9rateur de salle de bain\/toilettes DUAL 100 5210640600<\/p>","protected":false},"featured_media":22630,"comment_status":"open","ping_status":"closed","template":"","meta":[],"product_brand":[],"product_cat":[2791,8840],"product_tag":[],"class_list":{"0":"post-14697","1":"product","2":"type-product","3":"status-publish","4":"has-post-thumbnail","6":"product_cat-accessoires-de-ventilation","7":"product_cat-test","8":"pa_marque-soler-palau","10":"first","11":"instock","12":"sale","13":"taxable","14":"shipping-taxable","15":"purchasable","16":"product-type-simple"},"aioseo_notices":[],"_links":{"self":[{"href":"https:\/\/promochaudiere.be\/nl\/wp-json\/wp\/v2\/product\/14697","targetHints":{"allow":["GET"]}}],"collection":[{"href":"https:\/\/promochaudiere.be\/nl\/wp-json\/wp\/v2\/product"}],"about":[{"href":"https:\/\/promochaudiere.be\/nl\/wp-json\/wp\/v2\/types\/product"}],"replies":[{"embeddable":true,"href":"https:\/\/promochaudiere.be\/nl\/wp-json\/wp\/v2\/comments?post=14697"}],"version-history":[{"count":1,"href":"https:\/\/promochaudiere.be\/nl\/wp-json\/wp\/v2\/product\/14697\/revisions"}],"predecessor-version":[{"id":52958,"href":"https:\/\/promochaudiere.be\/nl\/wp-json\/wp\/v2\/product\/14697\/revisions\/52958"}],"wp:featuredmedia":[{"embeddable":true,"href":"https:\/\/promochaudiere.be\/nl\/wp-json\/wp\/v2\/media\/22630"}],"wp:attachment":[{"href":"https:\/\/promochaudiere.be\/nl\/wp-json\/wp\/v2\/media?parent=14697"}],"wp:term":[{"taxonomy":"product_brand","embeddable":true,"href":"https:\/\/promochaudiere.be\/nl\/wp-json\/wp\/v2\/product_brand?post=14697"},{"taxonomy":"product_cat","embeddable":true,"href":"https:\/\/promochaudiere.be\/nl\/wp-json\/wp\/v2\/product_cat?post=14697"},{"taxonomy":"product_tag","embeddable":true,"href":"https:\/\/promochaudiere.be\/nl\/wp-json\/wp\/v2\/product_tag?post=14697"}],"curies":[{"name":"wp","href":"https:\/\/api.w.org\/{rel}","templated":true}]}}