{"id":14699,"date":"2025-01-17T09:54:09","date_gmt":"2025-01-17T09:54:09","guid":{"rendered":"https:\/\/promochaudiere.be\/produit\/vasco-chambre-de-repartition-horizontale-2-pieces-11ve40310\/"},"modified":"2026-02-03T19:40:01","modified_gmt":"2026-02-03T18:40:01","slug":"vasco-chambre-de-repartition-horizontale-2-pieces-11ve40310","status":"publish","type":"product","link":"https:\/\/promochaudiere.be\/nl\/product\/vasco-chambre-de-repartition-horizontale-2-pieces-11ve40310\/","title":{"rendered":"Vasco Chambre de r\u00e9partition Horizontale 2 pi\u00e8ces 11VE40310"},"content":{"rendered":"<p>Cette chambre de r\u00e9partition horizontale Vasco assure une ventilation optimale en dirigeant efficacement le flux d\u2019air. Sa conception robuste garantit une durabilit\u00e9 et une \u00e9tanch\u00e9it\u00e9 maximales. Son format horizontal permet une installation simplifi\u00e9e et une meilleure r\u00e9partition de l\u2019air. Id\u00e9ale pour les syst\u00e8mes de ventilation r\u00e9sidentiels et professionnels. Un \u00e9l\u00e9ment cl\u00e9 pour assurer une qualit\u00e9 d\u2019air optimale.<\/p>","protected":false},"excerpt":{"rendered":"<p>Vasco Chambre de r\u00e9partition Horizontale 2 pi\u00e8ces 11VE40310<\/p>","protected":false},"featured_media":22444,"comment_status":"open","ping_status":"closed","template":"","meta":[],"product_brand":[],"product_cat":[2791,8840],"product_tag":[],"class_list":{"0":"post-14699","1":"product","2":"type-product","3":"status-publish","4":"has-post-thumbnail","6":"product_cat-accessoires-de-ventilation","7":"product_cat-test","8":"pa_marque-vasco","10":"first","11":"instock","12":"sale","13":"taxable","14":"shipping-taxable","15":"purchasable","16":"product-type-simple"},"aioseo_notices":[],"_links":{"self":[{"href":"https:\/\/promochaudiere.be\/nl\/wp-json\/wp\/v2\/product\/14699","targetHints":{"allow":["GET"]}}],"collection":[{"href":"https:\/\/promochaudiere.be\/nl\/wp-json\/wp\/v2\/product"}],"about":[{"href":"https:\/\/promochaudiere.be\/nl\/wp-json\/wp\/v2\/types\/product"}],"replies":[{"embeddable":true,"href":"https:\/\/promochaudiere.be\/nl\/wp-json\/wp\/v2\/comments?post=14699"}],"version-history":[{"count":1,"href":"https:\/\/promochaudiere.be\/nl\/wp-json\/wp\/v2\/product\/14699\/revisions"}],"predecessor-version":[{"id":52957,"href":"https:\/\/promochaudiere.be\/nl\/wp-json\/wp\/v2\/product\/14699\/revisions\/52957"}],"wp:featuredmedia":[{"embeddable":true,"href":"https:\/\/promochaudiere.be\/nl\/wp-json\/wp\/v2\/media\/22444"}],"wp:attachment":[{"href":"https:\/\/promochaudiere.be\/nl\/wp-json\/wp\/v2\/media?parent=14699"}],"wp:term":[{"taxonomy":"product_brand","embeddable":true,"href":"https:\/\/promochaudiere.be\/nl\/wp-json\/wp\/v2\/product_brand?post=14699"},{"taxonomy":"product_cat","embeddable":true,"href":"https:\/\/promochaudiere.be\/nl\/wp-json\/wp\/v2\/product_cat?post=14699"},{"taxonomy":"product_tag","embeddable":true,"href":"https:\/\/promochaudiere.be\/nl\/wp-json\/wp\/v2\/product_tag?post=14699"}],"curies":[{"name":"wp","href":"https:\/\/api.w.org\/{rel}","templated":true}]}}