{"id":14700,"date":"2025-01-17T09:54:10","date_gmt":"2025-01-17T09:54:10","guid":{"rendered":"https:\/\/promochaudiere.be\/produit\/soler-palau-ventilateur-pour-salle-de-bains-plus-timer-silent-100-crz-design-5210603200\/"},"modified":"2026-02-03T19:40:02","modified_gmt":"2026-02-03T18:40:02","slug":"soler-palau-ventilateur-pour-salle-de-bains-plus-timer-silent-100-crz-design-5210603200","status":"publish","type":"product","link":"https:\/\/promochaudiere.be\/nl\/product\/soler-palau-ventilateur-pour-salle-de-bains-plus-timer-silent-100-crz-design-5210603200\/","title":{"rendered":"SOLER &#038; PALAU VENTILATEUR POUR SALLE DE BAINS plus TIMER SILENT-100 CRZ DESIGN 5210603200"},"content":{"rendered":"<p>Ce mod\u00e8le Silent de Soler &#038; Palau est con\u00e7u pour offrir une ventilation efficace avec un niveau sonore r\u00e9duit. Son diam\u00e8tre de 100mm permet une extraction optimale de l\u2019air humide. \u00c9quip\u00e9 d\u2019un moteur basse consommation, il garantit une utilisation \u00e9conomique et durable. Facile \u00e0 poser, il s\u2019int\u00e8gre discr\u00e8tement dans la pi\u00e8ce. Id\u00e9al pour une salle de bains bien ventil\u00e9e sans bruit g\u00eanant. Un choix parfait pour un confort quotidien am\u00e9lior\u00e9.<\/p>","protected":false},"excerpt":{"rendered":"<p>SOLER &#038; PALAU VENTILATEUR POUR SALLE DE BAINS plus TIMER SILENT-100 CRZ DESIGN 5210603200<\/p>","protected":false},"featured_media":22242,"comment_status":"open","ping_status":"closed","template":"","meta":[],"product_brand":[],"product_cat":[5535,8840],"product_tag":[],"class_list":{"0":"post-14700","1":"product","2":"type-product","3":"status-publish","4":"has-post-thumbnail","6":"product_cat-extracteur","7":"product_cat-test","8":"pa_marque-soler-palau","10":"first","11":"instock","12":"sale","13":"taxable","14":"shipping-taxable","15":"purchasable","16":"product-type-simple"},"aioseo_notices":[],"_links":{"self":[{"href":"https:\/\/promochaudiere.be\/nl\/wp-json\/wp\/v2\/product\/14700","targetHints":{"allow":["GET"]}}],"collection":[{"href":"https:\/\/promochaudiere.be\/nl\/wp-json\/wp\/v2\/product"}],"about":[{"href":"https:\/\/promochaudiere.be\/nl\/wp-json\/wp\/v2\/types\/product"}],"replies":[{"embeddable":true,"href":"https:\/\/promochaudiere.be\/nl\/wp-json\/wp\/v2\/comments?post=14700"}],"version-history":[{"count":1,"href":"https:\/\/promochaudiere.be\/nl\/wp-json\/wp\/v2\/product\/14700\/revisions"}],"predecessor-version":[{"id":52956,"href":"https:\/\/promochaudiere.be\/nl\/wp-json\/wp\/v2\/product\/14700\/revisions\/52956"}],"wp:featuredmedia":[{"embeddable":true,"href":"https:\/\/promochaudiere.be\/nl\/wp-json\/wp\/v2\/media\/22242"}],"wp:attachment":[{"href":"https:\/\/promochaudiere.be\/nl\/wp-json\/wp\/v2\/media?parent=14700"}],"wp:term":[{"taxonomy":"product_brand","embeddable":true,"href":"https:\/\/promochaudiere.be\/nl\/wp-json\/wp\/v2\/product_brand?post=14700"},{"taxonomy":"product_cat","embeddable":true,"href":"https:\/\/promochaudiere.be\/nl\/wp-json\/wp\/v2\/product_cat?post=14700"},{"taxonomy":"product_tag","embeddable":true,"href":"https:\/\/promochaudiere.be\/nl\/wp-json\/wp\/v2\/product_tag?post=14700"}],"curies":[{"name":"wp","href":"https:\/\/api.w.org\/{rel}","templated":true}]}}