{"id":14705,"date":"2025-01-17T09:54:11","date_gmt":"2025-01-17T09:54:11","guid":{"rendered":"https:\/\/promochaudiere.be\/produit\/passage-de-toit-pour-systeme-de-ventilation-d-170-200mm-1m-alu-11ve42110\/"},"modified":"2026-02-03T19:40:01","modified_gmt":"2026-02-03T18:40:01","slug":"passage-de-toit-pour-systeme-de-ventilation-d-170-200mm-1m-alu-11ve42110","status":"publish","type":"product","link":"https:\/\/promochaudiere.be\/nl\/product\/passage-de-toit-pour-systeme-de-ventilation-d-170-200mm-1m-alu-11ve42110\/","title":{"rendered":"PASSAGE DE TOIT POUR SYSTEME DE VENTILATION D 170-200MM 1M ALU 11VE42110"},"content":{"rendered":"<p>Ce passage de toit est con\u00e7u pour assurer une sortie de ventilation fiable et durable. Son diam\u00e8tre de 180mm garantit une compatibilit\u00e9 avec divers syst\u00e8mes. Son mat\u00e9riau r\u00e9sistant prot\u00e8ge contre les conditions climatiques extr\u00eames. Un \u00e9l\u00e9ment cl\u00e9 pour une installation performante.<\/p>","protected":false},"excerpt":{"rendered":"<p>PASSAGE DE TOIT POUR SYSTEME DE VENTILATION D 170-200MM 1M ALU 11VE42110<\/p>","protected":false},"featured_media":22607,"comment_status":"open","ping_status":"closed","template":"","meta":[],"product_brand":[],"product_cat":[2791,8840],"product_tag":[],"class_list":{"0":"post-14705","1":"product","2":"type-product","3":"status-publish","4":"has-post-thumbnail","6":"product_cat-accessoires-de-ventilation","7":"product_cat-test","9":"first","10":"instock","11":"sale","12":"taxable","13":"shipping-taxable","14":"purchasable","15":"product-type-simple"},"aioseo_notices":[],"_links":{"self":[{"href":"https:\/\/promochaudiere.be\/nl\/wp-json\/wp\/v2\/product\/14705","targetHints":{"allow":["GET"]}}],"collection":[{"href":"https:\/\/promochaudiere.be\/nl\/wp-json\/wp\/v2\/product"}],"about":[{"href":"https:\/\/promochaudiere.be\/nl\/wp-json\/wp\/v2\/types\/product"}],"replies":[{"embeddable":true,"href":"https:\/\/promochaudiere.be\/nl\/wp-json\/wp\/v2\/comments?post=14705"}],"version-history":[{"count":1,"href":"https:\/\/promochaudiere.be\/nl\/wp-json\/wp\/v2\/product\/14705\/revisions"}],"predecessor-version":[{"id":52953,"href":"https:\/\/promochaudiere.be\/nl\/wp-json\/wp\/v2\/product\/14705\/revisions\/52953"}],"wp:featuredmedia":[{"embeddable":true,"href":"https:\/\/promochaudiere.be\/nl\/wp-json\/wp\/v2\/media\/22607"}],"wp:attachment":[{"href":"https:\/\/promochaudiere.be\/nl\/wp-json\/wp\/v2\/media?parent=14705"}],"wp:term":[{"taxonomy":"product_brand","embeddable":true,"href":"https:\/\/promochaudiere.be\/nl\/wp-json\/wp\/v2\/product_brand?post=14705"},{"taxonomy":"product_cat","embeddable":true,"href":"https:\/\/promochaudiere.be\/nl\/wp-json\/wp\/v2\/product_cat?post=14705"},{"taxonomy":"product_tag","embeddable":true,"href":"https:\/\/promochaudiere.be\/nl\/wp-json\/wp\/v2\/product_tag?post=14705"}],"curies":[{"name":"wp","href":"https:\/\/api.w.org\/{rel}","templated":true}]}}